{"id":660,"date":"2013-01-30T11:43:53","date_gmt":"2013-01-30T10:43:53","guid":{"rendered":"http:\/\/sciences-medias.fr\/blogs\/?page_id=660"},"modified":"2026-03-12T14:52:08","modified_gmt":"2026-03-12T13:52:08","slug":"enseignants","status":"publish","type":"page","link":"https:\/\/sciences-medias.fr\/blogs\/master\/enseignants\/","title":{"rendered":"Enseignants"},"content":{"rendered":"<h4>Enseignants statutaires<\/h4>\n<dl>\n<dt><a href=\"https:\/\/sciences-medias.fr\/blogs\/equipe\/frederic-tournier\/\">Fr\u00e9d\u00e9ric Tournier<\/a><\/dt>\n<dd>Ma\u00eetre de conf\u00e9rences, Responsable\u00a0du Master<\/dd>\n<dt><a href=\"https:\/\/sciences-medias.fr\/blogs\/equipe\/elsa-poupardin\/\">Elsa Poupardin<\/a><\/dt>\n<dd>Ma\u00eetresse de conf\u00e9rences<\/dd>\n<dt>Karine Paris<\/dt>\n<dd>Enseignante d&rsquo;anglais, UFR <abbr title=\"\u00c9tudes Interculturelles de Langues Appliqu\u00e9es\">EILA<\/abbr><\/dd>\n<dt><a href=\"http:\/\/www.ladyss.com\/membres-statutaires\">Igor Babou<\/a><\/dt>\n<dd>Professeur des universit\u00e9s<\/dd>\n<dt><a href=\"https:\/\/sciences-medias.fr\/blogs\/equipe\/anthony-laurent\/\">Anthony Laurent<\/a><\/dt>\n<dd>Enseignant associ\u00e9 (<abbr title=\"Ma\u00eetre de conf\u00e9rences associ\u00e9 \u00e0 temps partiel\">MAST<\/abbr>), Journaliste scientifique et technique<\/dd>\n<\/dl>\n<hr \/>\n<h4>Charg\u00e9s d&rsquo;enseignement<\/h4>\n<p>&nbsp;<\/p>\n<dl>\n<dt>Olivier Boulanger<\/dt>\n<dd>R\u00e9dacteur en chef adjoint du magazine Science Actualit\u00e9s.fr (Cit\u00e9 des Sciences)<\/dd>\n<dt>Margaux Calon<\/dt>\n<dd>Cheffe de projet innovation et exp\u00e9rimentation \u2013 Universcience<\/dd>\n<dt>Yann Chavance<\/dt>\n<dd>Journaliste scientifique ind\u00e9pendant<\/dd>\n<dt>Alexandra Chavarot<\/dt>\n<dd>Animatrice scientifique ind\u00e9pendante \u2013 <a href=\"http:\/\/laventurescientifique.fr\/\">L&rsquo;Aventure scientifique<\/a><\/dd>\n<dt>Andr\u00e9 Chavarot<\/dt>\n<dd>Technicien audiovisuel, Administrateur du site sciences-medias.fr<\/dd>\n<dt><a href=\"https:\/\/www.sciencesetavenir.fr\/auteurs\/valentine-delattre_45\/\">Valentine Delattre<\/a><\/dt>\n<dd>Journaliste et vid\u00e9aste sur YouTube (<a href=\"https:\/\/www.youtube.com\/channel\/UCE_LWXcsdp7cWbo4DR4ZA-A\">Science de comptoir<\/a>)<\/dd>\n<dt>Corentin Duval<\/dt>\n<dd>Journaliste, r\u00e9alisateur<\/dd>\n<dt>Laura Farrenq<\/dt>\n<dd>R\u00e9alisatrice de documentaires<\/dd>\n<dt>Jean-Michel Forestier<\/dt>\n<dd>R\u00e9dacteur en chef \u00e0 l&rsquo;Assistance Publique-H\u00f4pitaux de Paris<\/dd>\n<dt>Ga\u00ebl Fortin<\/dt>\n<dd>Youtubeur (<a href=\"https:\/\/www.youtube.com\/@labologie\">@labologie<\/a>) et membre du <a href=\"https:\/\/www.exaltia.info\/\">collectif Exaltia<\/a><\/dd>\n<dt>Emilie Gillet<\/dt>\n<dd>Journaliste scientifique ind\u00e9pendante<\/dd>\n<dt>Marie Haupais<\/dt>\n<dd>Chef du service Communication num\u00e9rique au Centre national d&rsquo;\u00e9tudes spatiales (CNES)<\/dd>\n<dt>Guillaume Laigle<\/dt>\n<dd>M\u00e9diateur culturel en sciences<\/dd>\n<dt>Olivier Lascar<\/dt>\n<dd>R\u00e9dacteur en chef du p\u00f4le digital de Sciences et Avenir<\/dd>\n<dt>Pierre-Yves Lerayer<\/dt>\n<dd>Journaliste plurim\u00e9dia<\/dd>\n<dt>Nicolas Li\u00e9tard<\/dt>\n<dd>Conseil en communication interne, en organisation et ressources humaines<br \/>\nMa\u00eetre de conf\u00e9rences associ\u00e9 \u00e0 l&rsquo;IUT de Paris &#8211; Rives de Seine &#8211; Universit\u00e9 Paris Cit\u00e9<\/dd>\n<dt>Laurent Simon<\/dt>\n<dd>Journaliste, <em>TheMetaNews<\/em><\/dd>\n<dt>Axel Villard-Faure<\/dt>\n<dd>Journaliste scientifique, charg\u00e9 de programmes dans l\u2019unit\u00e9 D\u00e9couverte &amp; Connaissance d\u2019ARTE France<\/dd>\n<\/dl>\n<p>&nbsp;<\/p>\n<p>&nbsp;<\/p>\n<p style=\"text-align: right;\"><a title=\"Emplois du temps\" href=\"https:\/\/sciences-medias.fr\/blogs\/master\/emplois-du-temps\/\">Emplois du temps &gt;<\/a><\/p>\n<p>&nbsp;<\/p>\n","protected":false},"excerpt":{"rendered":"<p>Enseignants statutaires Fr\u00e9d\u00e9ric Tournier Ma\u00eetre de conf\u00e9rences, Responsable\u00a0du Master Elsa Poupardin Ma\u00eetresse de conf\u00e9rences Karine Paris Enseignante d&rsquo;anglais, UFR EILA Igor Babou Professeur des universit\u00e9s Anthony Laurent Enseignant associ\u00e9 (MAST), Journaliste scientifique et technique Charg\u00e9s d&rsquo;enseignement &nbsp; Olivier Boulanger R\u00e9dacteur en chef adjoint du magazine Science Actualit\u00e9s.fr (Cit\u00e9 des Sciences) &#8230;<\/p>\n","protected":false},"author":97,"featured_media":0,"parent":51,"menu_order":4,"comment_status":"closed","ping_status":"closed","template":"","meta":{"footnotes":""},"class_list":["post-660","page","type-page","status-publish","hentry","column","onecol"],"_links":{"self":[{"href":"https:\/\/sciences-medias.fr\/blogs\/wp-json\/wp\/v2\/pages\/660","targetHints":{"allow":["GET"]}}],"collection":[{"href":"https:\/\/sciences-medias.fr\/blogs\/wp-json\/wp\/v2\/pages"}],"about":[{"href":"https:\/\/sciences-medias.fr\/blogs\/wp-json\/wp\/v2\/types\/page"}],"author":[{"embeddable":true,"href":"https:\/\/sciences-medias.fr\/blogs\/wp-json\/wp\/v2\/users\/97"}],"replies":[{"embeddable":true,"href":"https:\/\/sciences-medias.fr\/blogs\/wp-json\/wp\/v2\/comments?post=660"}],"version-history":[{"count":61,"href":"https:\/\/sciences-medias.fr\/blogs\/wp-json\/wp\/v2\/pages\/660\/revisions"}],"predecessor-version":[{"id":5829,"href":"https:\/\/sciences-medias.fr\/blogs\/wp-json\/wp\/v2\/pages\/660\/revisions\/5829"}],"up":[{"embeddable":true,"href":"https:\/\/sciences-medias.fr\/blogs\/wp-json\/wp\/v2\/pages\/51"}],"wp:attachment":[{"href":"https:\/\/sciences-medias.fr\/blogs\/wp-json\/wp\/v2\/media?parent=660"}],"curies":[{"name":"wp","href":"https:\/\/api.w.org\/{rel}","templated":true}]}}