{"id":651,"date":"2013-01-30T11:28:56","date_gmt":"2013-01-30T10:28:56","guid":{"rendered":"http:\/\/sciences-medias.fr\/blogs\/?page_id=651"},"modified":"2021-04-02T10:51:58","modified_gmt":"2021-04-02T08:51:58","slug":"contacts","status":"publish","type":"page","link":"https:\/\/sciences-medias.fr\/blogs\/contacts\/","title":{"rendered":"Contacts"},"content":{"rendered":"<h3><span style=\"font-size: 1em;\">Secr\u00e9tariat p\u00e9dagogique<br \/>\ndu Master <em>Audiovisuel, journalisme et communication scientifiques<\/em><\/span><\/h3>\n<address>Master Journalisme scientifique<br \/>\nUFR Lettres, Arts, Cin\u00e9ma<br \/>\nUniversit\u00e9 Paris Diderot<br \/>\nCase 7010<br \/>\n75205 PARIS CEDEX 13<\/address>\n<h4>Secr\u00e9tariat p\u00e9dagogique<\/h4>\n<p>Hugo Lozac&rsquo;h<br \/>\nT\u00e9l. : 01 57 27 63 45<br \/>\nCourriel : <a title=\"h&#117;&#103;&#111;&#x2e;&#x6c;&#x6f;za&#99;&#104;&#x40;&#x75;&#x6e;&#x69;v-&#112;&#97;&#x72;&#x69;&#x73;&#x2d;d&#105;&#100;&#101;&#x72;&#x6f;&#x74;&#46;f&#114;\" href=\"&#x6d;&#x61;&#x69;&#x6c;&#x74;&#x6f;&#x3a;&#x68;&#x75;&#x67;&#x6f;&#x2e;&#x6c;&#x6f;&#122;&#97;&#99;&#104;&#64;&#117;&#45;&#112;&#97;&#114;&#105;s&#46;fr\">&#104;u&#x67;o&#x2e;l&#x6f;z&#x61;&#99;&#x68;&#64;&#x75;&#45;&#x70;&#97;r&#105;s&#x2e;f&#x72;<\/a><\/p>\n<h4>Localisation<\/h4>\n<p>Universit\u00e9 Paris Diderot &#8211; 5 rue Thomas-Mann &#8211; Paris XIII<sup>e<\/sup><br \/>\nM\u00e9tro Biblioth\u00e8que Fran\u00e7ois Mitterrand<br \/>\nUFR Lettres, Arts, Cin\u00e9ma (LAC)<br \/>\nB\u00e2timent des Grands Moulins<br \/>\nEscalier C<br \/>\n6<sup>e<\/sup> \u00e9tage<br \/>\nbureau\u00a0690C<\/p>\n<p>&nbsp;<\/p>\n<h3>Responsable du Master <span style=\"font-size: 1em;\"><em>Audiovisuel, journalisme et communication scientifiques<\/em><\/span><\/h3>\n<p>Fr\u00e9d\u00e9ric Tournier<br \/>\nUFR Lettres, Arts, Cin\u00e9ma<br \/>\nUniversit\u00e9 Paris Diderot<br \/>\nCase 7010<br \/>\n75205 PARIS CEDEX 13<\/p>\n<p>T\u00e9l. : 01 57 27 79 71<br \/>\nCourriel : <a title=\"&#x6d;&#97;&#x69;&#x6c;&#116;&#x6f;&#58;f&#x72;&#101;d&#x65;&#114;i&#x63;&#46;t&#x6f;&#117;&#x72;&#x6e;&#105;&#x65;&#x72;&#64;&#x75;&#110;i&#x76;&#45;p&#x61;&#114;i&#x73;&#45;d&#x69;&#100;&#x65;&#x72;&#111;&#x74;&#x2e;&#102;&#x72;\" href=\"&#x6d;&#97;&#105;l&#x74;&#x6f;&#58;f&#x72;&#x65;&#100;er&#x69;&#99;&#46;t&#x6f;&#x75;&#114;n&#x69;&#x65;&#114;&#64;u&#x2d;&#x70;&#97;r&#x69;&#x73;&#46;f&#x72;\">f&#114;&#101;&#x64;&#x65;&#x72;&#x69;c&#46;&#116;&#111;&#x75;&#x72;&#x6e;ie&#114;&#64;&#x75;&#x2d;&#x70;ar&#105;&#115;&#x2e;&#x66;&#x72;<\/a><\/p>\n<p>&nbsp;<\/p>\n<h3>Pour toute question relative au site sciences-medias.fr :<\/h3>\n<p><a title=\"Envoyer un mail \u00e0 l'administrateur du site sciences-medias.fr\" href=\"&#109;&#x61;&#105;&#x6c;&#116;&#x6f;&#58;&#x70;&#111;&#x73;&#116;&#x6d;a&#x73;t&#x65;r&#x40;s&#x63;i&#x65;n&#99;&#x65;&#115;&#x2d;&#109;&#x65;&#100;&#x69;&#97;&#x73;&#46;&#x66;&#114;\">&#x70;&#x6f;&#x73;&#x74;&#x6d;&#x61;&#x73;&#x74;&#x65;&#x72;&#x40;&#x73;&#x63;&#x69;&#x65;&#x6e;&#x63;&#x65;&#x73;&#x2d;&#x6d;&#x65;&#x64;&#x69;&#x61;&#x73;&#x2e;&#x66;&#x72;<\/a><\/p>\n<p>&nbsp;<\/p>\n","protected":false},"excerpt":{"rendered":"<p>Secr\u00e9tariat p\u00e9dagogique du Master Audiovisuel, journalisme et communication scientifiques Master Journalisme scientifique UFR Lettres, Arts, Cin\u00e9ma Universit\u00e9 Paris Diderot Case 7010 75205 PARIS CEDEX 13 Secr\u00e9tariat p\u00e9dagogique Hugo Lozac&rsquo;h T\u00e9l. : 01 57 27 63 45 Courriel : &#104;u&#x67;o&#x2e;&#108;&#x6f;&#122;&#x61;&#99;h&#x40;u&#x2d;&#112;&#x61;&#114;&#x69;&#115;&#x2e;&#102;r Localisation Universit\u00e9 Paris Diderot &#8211; 5 rue Thomas-Mann &#8211; Paris XIIIe &#8230;<\/p>\n","protected":false},"author":97,"featured_media":0,"parent":0,"menu_order":5,"comment_status":"closed","ping_status":"closed","template":"","meta":{"footnotes":""},"class_list":["post-651","page","type-page","status-publish","hentry","column","onecol"],"_links":{"self":[{"href":"https:\/\/sciences-medias.fr\/blogs\/wp-json\/wp\/v2\/pages\/651","targetHints":{"allow":["GET"]}}],"collection":[{"href":"https:\/\/sciences-medias.fr\/blogs\/wp-json\/wp\/v2\/pages"}],"about":[{"href":"https:\/\/sciences-medias.fr\/blogs\/wp-json\/wp\/v2\/types\/page"}],"author":[{"embeddable":true,"href":"https:\/\/sciences-medias.fr\/blogs\/wp-json\/wp\/v2\/users\/97"}],"replies":[{"embeddable":true,"href":"https:\/\/sciences-medias.fr\/blogs\/wp-json\/wp\/v2\/comments?post=651"}],"version-history":[{"count":12,"href":"https:\/\/sciences-medias.fr\/blogs\/wp-json\/wp\/v2\/pages\/651\/revisions"}],"predecessor-version":[{"id":4261,"href":"https:\/\/sciences-medias.fr\/blogs\/wp-json\/wp\/v2\/pages\/651\/revisions\/4261"}],"wp:attachment":[{"href":"https:\/\/sciences-medias.fr\/blogs\/wp-json\/wp\/v2\/media?parent=651"}],"curies":[{"name":"wp","href":"https:\/\/api.w.org\/{rel}","templated":true}]}}