{"id":5772,"date":"2025-12-17T09:53:43","date_gmt":"2025-12-17T08:53:43","guid":{"rendered":"https:\/\/sciences-medias.fr\/blogs\/?page_id=5772"},"modified":"2026-03-03T12:07:41","modified_gmt":"2026-03-03T11:07:41","slug":"candidature","status":"publish","type":"page","link":"https:\/\/sciences-medias.fr\/blogs\/master\/candidature\/","title":{"rendered":"Candidature"},"content":{"rendered":"<header class=\"entry-header\">\n<h2 class=\"entry-title\"><a title=\"Candidature au Master \u00ab\u00a0Audiovisuel, journalisme et communication scientifiques\u00a0\u00bb\" href=\"https:\/\/sciences-medias.fr\/blogs\/candidature-au-master-audiovisuel-journalisme-et-communication-scientifique\/\" rel=\"bookmark\">Candidature au Master \u00ab\u00a0Audiovisuel, journalisme et communication scientifiques\u00a0\u00bb<\/a><\/h2>\n<\/header>\n<div class=\"entry-content\">\n<p><strong>Pour 2026-2027 :<\/strong><\/p>\n<p><strong>Master 1<\/strong>\u00a0: Mon Master (<a href=\"https:\/\/www.monmaster.gouv.fr\/\">https:\/\/www.monmaster.gouv.fr\/<\/a>) du 17 f\u00e9vrier au 16 mars 2026<br \/>\n<strong>Master 2<\/strong>\u00a0: eCandidat (<a href=\"https:\/\/u-paris.fr\/candidature-via-ecandidat\/\">https:\/\/u-paris.fr\/candidature-via-ecandidat\/<\/a>)\u00a0 du 1<sup>er<\/sup>\u00a0avril au 4 mai 2026<\/p>\n<ul>\n<li><em>sauf redoublement dans la m\u00eame formation, acc\u00e8s via VES\/<a href=\"https:\/\/u-paris.fr\/vae-ouverture-des-candidatures\/\">VAE<\/a>, cursus CMI ;<\/em><\/li>\n<li><em>sauf candidats \u00e9trangers de nationalit\u00e9 hors EEE r\u00e9sidant dans un pays CEF qui doivent suivre la proc\u00e9dure\u00a0<a href=\"https:\/\/www.campusfrance.org\/fr\/candidature-procedure-etudes-en-france\">\u00ab\u00a0\u00c9tudes en France\u00a0\u00bb<\/a>.)<\/em><\/li>\n<\/ul>\n<div>L&rsquo;audition des candidats retenus pour l&rsquo;entretien de recrutement aura lieu les 26 et 27 mai 2026.<\/div>\n<\/div>\n<div><\/div>\n<div><\/div>\n<div class=\"entry-content\">\n<div>La liste des autres masters du r\u00e9seau des Masters en Communication, m\u00e9diation et journalisme scientifiques est disponible ici :\u00a0<a href=\"https:\/\/masterscmjs.hypotheses.org\/les-masters-de-communication-scientifique-en-france\">https:\/\/masterscmjs.hypotheses.org\/les-masters-de-communication-scientifique-en-france<\/a><\/div>\n<div><\/div>\n<p>Retrouvez toutes les informations sur notre formation\u00a0<a href=\"https:\/\/sciences-medias.fr\/blogs\/master\/\">dans l\u2019onglet \u00ab\u00a0Master\u00a0\u00bb<\/a>.<\/p>\n<\/div>\n","protected":false},"excerpt":{"rendered":"<p>Candidature au Master \u00ab\u00a0Audiovisuel, journalisme et communication scientifiques\u00a0\u00bb Pour 2026-2027 : Master 1\u00a0: Mon Master (https:\/\/www.monmaster.gouv.fr\/) du 17 f\u00e9vrier au 16 mars 2026 Master 2\u00a0: eCandidat (https:\/\/u-paris.fr\/candidature-via-ecandidat\/)\u00a0 du 1er\u00a0avril au 4 mai 2026 sauf redoublement dans la m\u00eame formation, acc\u00e8s via VES\/VAE, cursus CMI ; sauf candidats \u00e9trangers de nationalit\u00e9 &#8230;<\/p>\n","protected":false},"author":97,"featured_media":0,"parent":51,"menu_order":7,"comment_status":"closed","ping_status":"closed","template":"","meta":{"footnotes":""},"class_list":["post-5772","page","type-page","status-publish","hentry","column","onecol"],"_links":{"self":[{"href":"https:\/\/sciences-medias.fr\/blogs\/wp-json\/wp\/v2\/pages\/5772","targetHints":{"allow":["GET"]}}],"collection":[{"href":"https:\/\/sciences-medias.fr\/blogs\/wp-json\/wp\/v2\/pages"}],"about":[{"href":"https:\/\/sciences-medias.fr\/blogs\/wp-json\/wp\/v2\/types\/page"}],"author":[{"embeddable":true,"href":"https:\/\/sciences-medias.fr\/blogs\/wp-json\/wp\/v2\/users\/97"}],"replies":[{"embeddable":true,"href":"https:\/\/sciences-medias.fr\/blogs\/wp-json\/wp\/v2\/comments?post=5772"}],"version-history":[{"count":4,"href":"https:\/\/sciences-medias.fr\/blogs\/wp-json\/wp\/v2\/pages\/5772\/revisions"}],"predecessor-version":[{"id":5825,"href":"https:\/\/sciences-medias.fr\/blogs\/wp-json\/wp\/v2\/pages\/5772\/revisions\/5825"}],"up":[{"embeddable":true,"href":"https:\/\/sciences-medias.fr\/blogs\/wp-json\/wp\/v2\/pages\/51"}],"wp:attachment":[{"href":"https:\/\/sciences-medias.fr\/blogs\/wp-json\/wp\/v2\/media?parent=5772"}],"curies":[{"name":"wp","href":"https:\/\/api.w.org\/{rel}","templated":true}]}}