{"id":545,"date":"2013-01-25T11:40:00","date_gmt":"2013-01-25T10:40:00","guid":{"rendered":"http:\/\/sciences-medias.fr\/blogs\/?page_id=545"},"modified":"2019-04-19T17:08:08","modified_gmt":"2019-04-19T15:08:08","slug":"anthony-laurent","status":"publish","type":"page","link":"https:\/\/sciences-medias.fr\/blogs\/equipe\/anthony-laurent\/","title":{"rendered":"Anthony Laurent"},"content":{"rendered":"<p>Enseignant associ\u00e9 (MAST)<\/p>\n<p>Apr\u00e8s des ann\u00e9es d\u2019\u00e9tudes de sciences naturelles \u00e0 l\u2019Universit\u00e9 de Franche-Comt\u00e9, \u00e0 Montb\u00e9liard (Doubs), Anthony Laurent se tourne vers le journalisme scientifique.<\/p>\n<p>Deux ann\u00e9es de formation \u00e0 l\u2019Universit\u00e9 Paris 7-Denis Diderot l\u2019ont ensuite conduit \u00e0 l\u2019\u00c9cole des Hautes \u00c9tudes en Sciences Sociales\u00a0(EHESS) o\u00f9 il obtient un Master de sociologie, histoire et philosophie des sciences au Centre Alexandre Koyr\u00e9.<\/p>\n<p>Anthony s\u2019int\u00e9resse notamment \u00e0 la place de la technique dans la soci\u00e9t\u00e9 contemporaine. Il est co-cr\u00e9ateur et r\u00e9dacteur en chef du site <a href=\"https:\/\/sciences-critiques.fr\/\">Sciences Critiques<\/a> (site d\u2019information d\u00e9di\u00e9 exclusivement aux sciences, traitant tout particuli\u00e8rement des sciences \u00ab en train de se faire \u00bb, dans les laboratoires comme en-dehors \u2013 par opposition aux sciences \u00ab d\u00e9j\u00e0 faites \u00bb que sont les d\u00e9couvertes scientifiques et les innovations technologiques).<\/p>\n<p>Son portrait en vid\u00e9o est \u00e0 d\u00e9couvrir <a href=\"https:\/\/formation.univ-paris-diderot.fr\/actualites\/anthony-laurent-redacteur-en-chef\">sur le site de l&rsquo;universit\u00e9 Paris Diderot<\/a>.<\/p>\n","protected":false},"excerpt":{"rendered":"<p>Enseignant associ\u00e9 (MAST) Apr\u00e8s des ann\u00e9es d\u2019\u00e9tudes de sciences naturelles \u00e0 l\u2019Universit\u00e9 de Franche-Comt\u00e9, \u00e0 Montb\u00e9liard (Doubs), Anthony Laurent se tourne vers le journalisme scientifique. Deux ann\u00e9es de formation \u00e0 l\u2019Universit\u00e9 Paris 7-Denis Diderot l\u2019ont ensuite conduit \u00e0 l\u2019\u00c9cole des Hautes \u00c9tudes en Sciences Sociales\u00a0(EHESS) o\u00f9 il obtient un Master &#8230;<\/p>\n","protected":false},"author":97,"featured_media":0,"parent":2,"menu_order":6,"comment_status":"closed","ping_status":"open","template":"","meta":{"footnotes":""},"class_list":["post-545","page","type-page","status-publish","hentry","column","onecol"],"_links":{"self":[{"href":"https:\/\/sciences-medias.fr\/blogs\/wp-json\/wp\/v2\/pages\/545","targetHints":{"allow":["GET"]}}],"collection":[{"href":"https:\/\/sciences-medias.fr\/blogs\/wp-json\/wp\/v2\/pages"}],"about":[{"href":"https:\/\/sciences-medias.fr\/blogs\/wp-json\/wp\/v2\/types\/page"}],"author":[{"embeddable":true,"href":"https:\/\/sciences-medias.fr\/blogs\/wp-json\/wp\/v2\/users\/97"}],"replies":[{"embeddable":true,"href":"https:\/\/sciences-medias.fr\/blogs\/wp-json\/wp\/v2\/comments?post=545"}],"version-history":[{"count":11,"href":"https:\/\/sciences-medias.fr\/blogs\/wp-json\/wp\/v2\/pages\/545\/revisions"}],"predecessor-version":[{"id":577,"href":"https:\/\/sciences-medias.fr\/blogs\/wp-json\/wp\/v2\/pages\/545\/revisions\/577"}],"up":[{"embeddable":true,"href":"https:\/\/sciences-medias.fr\/blogs\/wp-json\/wp\/v2\/pages\/2"}],"wp:attachment":[{"href":"https:\/\/sciences-medias.fr\/blogs\/wp-json\/wp\/v2\/media?parent=545"}],"curies":[{"name":"wp","href":"https:\/\/api.w.org\/{rel}","templated":true}]}}