{"id":540,"date":"2013-01-25T11:37:59","date_gmt":"2013-01-25T10:37:59","guid":{"rendered":"http:\/\/sciences-medias.fr\/blogs\/?page_id=540"},"modified":"2025-11-28T12:24:29","modified_gmt":"2025-11-28T11:24:29","slug":"frederic-tournier","status":"publish","type":"page","link":"https:\/\/sciences-medias.fr\/blogs\/equipe\/frederic-tournier\/","title":{"rendered":"Fr\u00e9d\u00e9ric Tournier"},"content":{"rendered":"<p>Ma\u00eetre de conf\u00e9rences \u2013 Habilit\u00e9 \u00e0 diriger des recherches<br \/>\nResponsable du Master <em>Audiovisuel, journalisme et communication scientifiques<\/em><br \/>\n<a href=\"&#109;&#x61;&#105;&#x6c;t&#111;&#x3a;&#102;&#x72;e&#x64;e&#114;&#x69;&#99;&#x2e;t&#x6f;&#x75;&#114;&#x6e;i&#x65;r&#64;&#x75;&#45;&#x70;a&#x72;i&#115;&#x2e;&#102;&#x72;\" target=\"_blank\" rel=\"noopener noreferrer\">&#102;&#x72;&#101;&#x64;e&#114;&#x69;&#99;&#x2e;t&#x6f;u&#114;&#x6e;&#105;&#x65;r&#x40;&#x75;&#45;&#x70;a&#x72;i&#115;&#x2e;&#102;&#x72;<\/a><\/p>\n<p>Dipl\u00f4m\u00e9 de l\u2019universit\u00e9 Pierre et Marie Curie, Fr\u00e9d\u00e9ric Tournier a soutenu une th\u00e8se en biologie cellulaire et mol\u00e9culaire du d\u00e9veloppement en 1992 (Laboratoire du Dr Michel Bornens, Centre de G\u00e9n\u00e9tique Mol\u00e9culaire, CNRS, Gif-sur-Yvette). Il a occup\u00e9 pendant sa th\u00e8se un emploi de moniteur d\u2019enseignement (1989-1991) puis d\u2019Attach\u00e9 Temporaire d\u2019Enseignement et de Recherche (ATER) \u00e0 l\u2019Universit\u00e9 Paris 7 (1991-1993). Nomm\u00e9 Ma\u00eetre de Conf\u00e9rences en 1993, il a rejoint le laboratoire du Pr Francelyne Marano (Laboratoire de Cytophysiologie et Toxicologie cellulaire) \u00e0 l\u2019Universit\u00e9 Paris 7 o\u00f9 il a d\u00e9velopp\u00e9 une th\u00e9matique propre portant sur la diff\u00e9renciation des cellules \u00e9pith\u00e9liales des voies respiratoires sup\u00e9rieures. Il a mont\u00e9 puis dirig\u00e9 une \u00e9quipe de recherche (DER : Diff\u00e9renciation de l\u2019Epith\u00e9lium Respiratoire) entre 1994 et 2005 et il a soutenu une Habilitation \u00e0 Diriger des Recherches (HDR) en 2002. En septembre 2005, il a rejoint Celogos (laboratoire de recherche priv\u00e9 dans le domaine de la th\u00e9rapie cellulaire) en tant que directeur de laboratoire.<\/p>\n<p>En 2008, il rejoint l\u2019\u00e9quipe Sciences &amp; M\u00e9dias, dirig\u00e9e par le Pr Baudouin Jurdant. Entre 2008 et 2014, il assure en parall\u00e8le plusieurs missions universitaires : charg\u00e9 de mission \u00ab relations lyc\u00e9es \u00bb entre 2008 et 2010, d\u00e9l\u00e9gu\u00e9 du Pr\u00e9sident \u00e0 la Vie \u00c9tudiante, puis Vice-pr\u00e9sident Vie \u00c9tudiante entre 2010 et 2013. En 2013-2014, il est responsable des formations humaines pour l\u2019EIDD (Ecole d\u2019Ing\u00e9nieurs Denis Diderot).<\/p>\n<p>Depuis plusieurs ann\u00e9es, il m\u00e8ne des recherches transversales et pluridisciplinaires dans plusieurs domaines :<\/p>\n<ul>\n<li><strong>Le th\u00e9\u00e2tre de science<\/strong> o\u00f9, avec Michel Lett\u00e9 (enseignant-chercheur au CNAM), il a mont\u00e9 un s\u00e9minaire regroupant universitaires et personnels du th\u00e9\u00e2tre pendant deux ans (2020-2022), une journ\u00e9e d\u2019\u00e9tudes et finalement une publication collective aux \u00c9ditions Universitaires d\u2019Avignon.<\/li>\n<li><strong>Les stations maritimes fran\u00e7aises<\/strong>. Stations de recherche biologique \u00e9difi\u00e9es au XIX<sup>e<\/sup> si\u00e8cle, leur histoire, leur actualit\u00e9 et leur devenir sont interrog\u00e9s (collaboration avec Jean-Fran\u00e7ois Ternay, MCU, UPCit\u00e9). Leurs travaux sont publi\u00e9s sur un site d\u00e9di\u00e9 (<a href=\"https:\/\/sciences-medias.fr\/blogs\/stations-maritimes\/\">https:\/\/sciences-medias.fr\/blogs\/stations-maritimes\/<\/a>) et un article est en cours de publication.<\/li>\n<li>Il a particip\u00e9 en janvier 2022 \u00e0 une <strong>mission de recherche au Costa Rica sur la biodiversit\u00e9 des drosophiles<\/strong>, pour laquelle il a r\u00e9alis\u00e9 <a href=\"https:\/\/www.youtube.com\/watch?v=QCjDf3BIKq0\">un film (DrosoRica)<\/a> et publi\u00e9 un article dans <em>The Conversation<\/em>. La suite de ce travail, r\u00e9alis\u00e9 avec Jean-Fran\u00e7ois Ternay, a donn\u00e9 lieu \u00e0 une deuxi\u00e8me <a href=\"https:\/\/www.youtube.com\/watch?v=wxtgZehPTL4\">documentaire scientifique, DrosoChora<\/a>.<\/li>\n<\/ul>\n<p>Il travaille actuellement \u00e0 l\u2019\u00e9dition d\u2019un ouvrage pour les \u00c9ditions du CNRS, <em>L\u2019urgence de vivre<\/em>, \u00e9crit par le Dr Michel Bornens (1938 \u2013 2022) ; et sur la suite des recherches men\u00e9es avec Jean-Fran\u00e7ois Ternay sur les stations maritimes.<\/p>\n<h3>Publications<\/h3>\n<h4>Livres \u2013 Chapitres de livres<\/h4>\n<p><strong>Tournier F<\/strong>, Ternay JF, <em>L\u2019histoire extraordinaire de l\u2019Institut Michel Pacha, Station maritime de Tamaris<\/em>, en r\u00e9vision.<\/p>\n<p><strong>Tournier F<\/strong>, Lett\u00e9 M., <em>Au th\u00e9\u00e2tre des sciences<\/em>. Ouvrage collectif sous la direction de Michel Lett\u00e9 et Fr\u00e9d\u00e9ric Tournier, \u00c9ditions Universitaires d\u2019Avignon, 2023.<\/p>\n<p><strong>Tournier F<\/strong>, <em>Une vie \u00e0 chercher<\/em>, Entretiens avec Michel Bornens, L\u2019Harmattan, 2020.<\/p>\n<p><strong>Tournier F<\/strong>, Bornens M, <em>Centrosome and Parthenogenesis<\/em>. In \u201cCentrosomes and Spindle Pole Bodies\u201d, Methods in Cell Biology, Ed. by B. Palazzo and T. Davies, Acad. Press.;67, pp. 213-224,\u00a0<strong>2001<\/strong>.<\/p>\n<p>Laoukili J, Million K, Houcine O, Marano F,\u00a0<strong>Tournier F\u00a0<\/strong>\/ Perret E, Caput D. <em>Examining Mucociliary Differentiation of Human Nasal Epithelial Cells In Vitro<\/em>. In \u201cCilia and Mucus. From Development to Respiratory Defense\u201d. Ed. by M. Salathe; Marcel Dekker, Inc., pp. 155-194,\u00a0<strong>2001<\/strong>.<\/p>\n<p><strong>Tournier F<\/strong>, Bornens M. <em>Cell cycle control of centrosome function<\/em>. In \u201cMicrotubules\u201d, Ed. Lloyd\/Wiley pp.303-324,\u00a0<strong>1994<\/strong>.<\/p>\n<h4>Articles scientifiques<\/h4>\n<p><strong>Tournier F<\/strong>. 2022. Une exp\u00e9dition pour d\u00e9couvrir de nouvelles esp\u00e8ces de drosophiles au Costa Rica. <em>The Conversation<\/em>. <a href=\"https:\/\/theconversation.com\/une-expedition-pour-decouvrir-de-nouvelles-especes-de-drosophiles-au-costa-rica-181622\">https:\/\/theconversation.com\/une-expedition-pour-decouvrir-de-nouvelles-especes-de-drosophiles-au-costa-rica-181622<\/a><\/p>\n<p><strong>Tournier F<\/strong>, Ternay JF. L\u2019histoire r\u00e9cente de l\u2019Institut Michel Pacha (2008-2018). <em>En pr\u00e9paration<\/em>.<\/p>\n<p>Ternay JF, <strong>Tournier F<\/strong>. L\u2019Institut Michel Pacha, une histoire controvers\u00e9e. Enjeux scientifiques et politiques. <em>En pr\u00e9paration<\/em>.<\/p>\n<p><strong>Tournier F<\/strong>. Une exp\u00e9dition pour d\u00e9couvrir de nouvelles\u00a0esp\u00e8ces de drosophiles au Costa Rica. <em>Sous presse \u00e0 The Conversation<\/em>.<\/p>\n<p><strong>Tournier F<\/strong>. 2021. A la recherche de la fourmi du bout du monde et de son g\u00e9nome unique, <em>The Conversation<\/em>. <a href=\"https:\/\/theconversation.com\/a-la-recherche-de-la-fourmi-du-bout-du-monde-et-de-son-genome-unique-157344\">https:\/\/theconversation.com\/a-la-recherche-de-la-fourmi-du-bout-du-monde-et-de-son-genome-unique-157344<\/a><\/p>\n<p><strong>Tournier F<\/strong>. 2019. De la controverse scientifique au d\u00e9bat de soci\u00e9t\u00e9, <em>The Conversation<\/em>. <a href=\"https:\/\/theconversation.com\/de-la-controverse-scientifique-au-debat-de-societe-112039\">https:\/\/theconversation.com\/de-la-controverse-scientifique-au-debat-de-societe-112039<\/a><\/p>\n<p><strong>Tournier F<\/strong>, Larnaud J, Jurdant B. Repr\u00e9sentations th\u00e9\u00e2tralis\u00e9es de controverses scientifiques, actes du colloque AIPU\u00a02008\u00a0(Montpellier), AIPU 2008-05-0319.<\/p>\n<p>Ponsard C,\u00a0Skowron-Zwarg M,\u00a0Seltzer V,\u00a0Perret E,\u00a0Gallinger J,\u00a0Fisch C,\u00a0Dupuis-Williams P,\u00a0Caruso N,\u00a0Middendorp S,\u00a0<strong>Tournier F<\/strong>. Identification of ICIS-1, a new protein involved in cilia stability.\u00a0<em>Front Biosci.<\/em>\u00a02007\u00a0Jan 1;12:1661-9.<\/p>\n<p>Skowron-zwarg M,\u00a0Boland S,\u00a0Caruso N,\u00a0Coraux C,\u00a0Marano F,\u00a0<strong>Tournier F<\/strong>. Interleukin-13 interferes with CFTR and AQP5 expression and localization during human airway epithelial cell differentiation.\u00a0<em>Exp Cell Res.<\/em>\u00a02007\u00a0Jul 15;313(12):2695-702.<\/p>\n<p>Lin CF,\u00a0Tsai CH,\u00a0Cheng CH,\u00a0Chen YS,\u00a0<strong>Tournier F<\/strong>,\u00a0Yeh TH. Expression of Toll-like receptors in cultured nasal epithelial cells.\u00a0<em>Acta Otolaryngol.<\/em>\u00a02007\u00a0Apr;127(4):395-402.<\/p>\n<p>Ponsard C,\u00a0Seltzer V,\u00a0Perret E,\u00a0<strong>Tournier F<\/strong>,\u00a0Middendorp S. Identification of BCAP, a new protein associated with basal bodies and centrioles.\u00a0<em>Front Biosci.<\/em>\u00a02007\u00a0May 1;12:3683-93.<\/p>\n<p>Million K,\u00a0Horvilleur E,\u00a0Goldschneider D,\u00a0Agina M,\u00a0Ragu\u00e9nez G,\u00a0<strong>Tournier F<\/strong>,\u00a0B\u00e9nard J,\u00a0Douc-Rasy S. Differential regulation of p73 variants in response to cisplatin treatment in SH-SY5Y neuroblastoma cells.\u00a0<em>Int J Oncol.<\/em>\u00a02006\u00a0Jul;29(1):147-54.<\/p>\n<p>Skowron M, Perret E, Marano F, Caput D,\u00a0<strong>Tournier F<\/strong>. Interleukin-13 alters mucociliary differentiation of human nasal epithelial cells.\u00a0<em>Chest<\/em>,\u00a02003\u00a0Mar;123 (3 Suppl):373S-4S.<\/p>\n<p>Million K, Laoukili J, Skowron M, Perret E, Marano F, Caput D,\u00a0<strong>Tournier F<\/strong>. Expression of p63 and p73 during human nasal epithelial cell proliferation and differentiation\u00a0<em>in vitro<\/em>.\u00a0<em>Biol. Cell<\/em>\u00a02001<strong>,<\/strong>\u00a093(3\/4), 207.<\/p>\n<p>Laoukili J, Perret E, Willems T, Minty A, Parthoens E, Houcine O, Coste A, Jorissen M, Marano F, Caput D,\u00a0<strong>Tournier F<\/strong>. IL-13 alters mucociliary differentiation and ciliary beating of human respiratory epithelial cells.\u00a0<em>J Clin Invest<\/em>.\u00a02001\u00a0Dec;108(12):1817-24.<\/p>\n<p>Million K,\u00a0<strong>Tournier F<\/strong>, Houcine O, Ancian P, Reichert U, Marano F. Effects of retinoic Acid receptor-selective agonists on human nasal epithelial cell differentiation.\u00a0<em>Am J Respir Cell Mol Biol<\/em>.\u00a02001\u00a0Dec;25(6):744-50.<\/p>\n<p>Booth BW, Adler KB, Bonner JC,\u00a0<strong>Tournier F<\/strong>, Martin LD. Interleukin-13 induces proliferation of human airway epithelial cells in vitro via a mechanism mediated by transforming growth factor-alpha.\u00a0<em>Am J Respir Cell Mol Biol<\/em>.\u00a02001\u00a0Dec;25(6):739-43.<\/p>\n<p>Laoukili J, Perret E, Middendorp S, Houcine O, Guennou C, Marano F, Bornens M,\u00a0<strong>Tournier F<\/strong>. Differential expression and cellular distribution of centrin isoforms during human ciliated cell differentiation in vitro.\u00a0<em>J Cell Sci<\/em>.\u00a02000\u00a0Apr;113 ( Pt 8):1355-64.<\/p>\n<p>Million K, Larcher J, Laoukili J, Bourguignon D, Marano F,\u00a0<strong>Tournier F<\/strong>. Polyglutamylation and polyglycylation of alpha- and beta-tubulins during in vitro ciliated cell differentiation of human respiratory epithelial cells.\u00a0<em>J Cell Sci<\/em>.\u00a01999\u00a0Dec;112 ( Pt 23):4357-66.<\/p>\n<p><strong>Tournier F<\/strong>, Bobinnec Y, Debec A, Santamaria P, Bornens M. Drosophila centrosomes are unable to trigger parthenogenetic development of Xenopus eggs.\u00a0<em>Biol Cell<\/em>.\u00a01999\u00a0Mar;91(2):99-108.<\/p>\n<p><strong>Tournier F<\/strong>, Laoukili J, Giuliani I, Gendron MC, Guennou C, Marano F. Ciliated differentiation of rabbit tracheal epithelial cells in vitro.\u00a0<em>Eur J Cell Biol<\/em>.\u00a01998\u00a0Nov;77(3):205-13.<\/p>\n<p>Moulay L, Robert-Gero M, Brown S, Gendron MC,\u00a0<strong>Tournier F<\/strong>. Sinefungin and taxol effects on cell cycle and cytoskeleton of <em>Leishmania donovani<\/em> promastigotes.\u00a0<em>Exp Cell Res<\/em>.\u00a01996<strong>\u00a0<\/strong>Aug 1;226(2):283-91.<\/p>\n<p><strong>Tournier F<\/strong>, Joly A, Bornens M. Production of partial blastulas by parthenogenesis in Xenopus\u00a0<em>C R Acad Sci III<\/em>.\u00a01994\u00a0May;317(5):405-10.<\/p>\n<p><strong>Tournier F<\/strong>, Cyrklaff M, Karsenti E, Bornens M. Centrosomes competent for parthenogenesis in Xenopus eggs support procentriole budding in cell-free extracts.\u00a0<em>Proc Natl Acad Sci U S A<\/em>.\u00a01991\u00a0Nov 15;88(22):9929-33.<\/p>\n<p><strong>Tournier F<\/strong>, Komesli S, Paintrand M, Job D, Bornens M. The intercentriolar linkage is critical for the ability of heterologous centrosomes to induce parthenogenesis in Xenopus.\u00a0<em>J Cell Biol<\/em>.\u00a01991\u00a0Jun;113(6):1361-9.<\/p>\n<p>Komesli S,\u00a0<strong>Tournier F<\/strong>, Paintrand M, Margolis RL, Job D, Bornens M. Mass isolation of calf thymus centrosomes: identification of a specific configuration.\u00a0<em>J Cell Biol<\/em>.\u00a01989\u00a0Dec;109(6 Pt 1):2869-78.<\/p>\n<p><strong>Tournier F<\/strong>, Karsenti E, Bornens M. Parthenogenesis in Xenopus eggs injected with centrosomes from synchronized human lymphoid cells.\u00a0<em>Dev Biol<\/em>.\u00a01989\u00a0Dec;136(2):321-9.<\/p>\n","protected":false},"excerpt":{"rendered":"<p>Ma\u00eetre de conf\u00e9rences \u2013 Habilit\u00e9 \u00e0 diriger des recherches Responsable du Master Audiovisuel, journalisme et communication scientifiques &#x66;&#x72;&#101;&#100;e&#x72;&#x69;&#x63;&#46;&#116;o&#x75;&#x72;&#x6e;&#105;&#101;r&#x40;&#x75;&#x2d;&#112;&#97;r&#x69;&#x73;&#x2e;&#102;r Dipl\u00f4m\u00e9 de l\u2019universit\u00e9 Pierre et Marie Curie, Fr\u00e9d\u00e9ric Tournier a soutenu une th\u00e8se en biologie cellulaire et mol\u00e9culaire du d\u00e9veloppement en 1992 (Laboratoire du Dr Michel Bornens, Centre de G\u00e9n\u00e9tique Mol\u00e9culaire, CNRS, &#8230;<\/p>\n","protected":false},"author":97,"featured_media":0,"parent":2,"menu_order":2,"comment_status":"closed","ping_status":"closed","template":"","meta":{"footnotes":""},"class_list":["post-540","page","type-page","status-publish","hentry","column","onecol"],"_links":{"self":[{"href":"https:\/\/sciences-medias.fr\/blogs\/wp-json\/wp\/v2\/pages\/540","targetHints":{"allow":["GET"]}}],"collection":[{"href":"https:\/\/sciences-medias.fr\/blogs\/wp-json\/wp\/v2\/pages"}],"about":[{"href":"https:\/\/sciences-medias.fr\/blogs\/wp-json\/wp\/v2\/types\/page"}],"author":[{"embeddable":true,"href":"https:\/\/sciences-medias.fr\/blogs\/wp-json\/wp\/v2\/users\/97"}],"replies":[{"embeddable":true,"href":"https:\/\/sciences-medias.fr\/blogs\/wp-json\/wp\/v2\/comments?post=540"}],"version-history":[{"count":13,"href":"https:\/\/sciences-medias.fr\/blogs\/wp-json\/wp\/v2\/pages\/540\/revisions"}],"predecessor-version":[{"id":5728,"href":"https:\/\/sciences-medias.fr\/blogs\/wp-json\/wp\/v2\/pages\/540\/revisions\/5728"}],"up":[{"embeddable":true,"href":"https:\/\/sciences-medias.fr\/blogs\/wp-json\/wp\/v2\/pages\/2"}],"wp:attachment":[{"href":"https:\/\/sciences-medias.fr\/blogs\/wp-json\/wp\/v2\/media?parent=540"}],"curies":[{"name":"wp","href":"https:\/\/api.w.org\/{rel}","templated":true}]}}