{"id":5051,"date":"2023-11-13T15:50:58","date_gmt":"2023-11-13T14:50:58","guid":{"rendered":"https:\/\/sciences-medias.fr\/blogs\/?page_id=5051"},"modified":"2025-09-01T15:38:21","modified_gmt":"2025-09-01T13:38:21","slug":"nicolas-brard","status":"publish","type":"page","link":"https:\/\/sciences-medias.fr\/blogs\/equipe\/nicolas-brard\/","title":{"rendered":"Nicolas Brard"},"content":{"rendered":"<p>Chercheur associ\u00e9<\/p>\n<p>Ma\u00eetre de conf\u00e9rences en sciences de l\u2019information et de la communication \u00e0 l\u2019Universit\u00e9 de Tours<\/p>\n<p><a href=\"&#x6d;&#x61;&#x69;&#x6c;&#x74;&#x6f;&#x3a;&#110;&#105;&#99;&#111;&#108;as&#46;b&#x72;&#x61;&#x72;&#x64;&#x40;&#x75;&#x2d;&#x70;&#97;&#114;&#105;&#115;&#46;fr\">&#110;&#105;&#x63;o&#108;&#x61;&#x73;&#46;&#98;&#x72;&#x61;r&#100;&#x40;&#x75;-&#112;&#x61;&#x72;i&#115;&#x2e;&#x66;r<\/a><\/p>\n<p>Apr\u00e8s un master en biologie mol\u00e9culaire et cellulaire obtenu \u00e0 l\u2019Universit\u00e9 Pierre et Marie Curie (2015), Nicolas Brard se dirige vers un master en journalisme, communication et cultures scientifiques \u00e0 l\u2019Universit\u00e9 Paris 7 \u2014 Denis Diderot (2017).<\/p>\n<p>Parall\u00e8lement \u00e0 une activit\u00e9 professionnelle en communication scientifique \u00e0 l\u2019Institut du Cerveau \u00e0 Paris, il pr\u00e9pare une th\u00e8se en histoire contemporaine sous la direction de la Pr Myriam Tsikounas \u00e0 l\u2019Universit\u00e9 Paris 1 Panth\u00e9on Sorbonne, qu\u2019il soutient en 2023. Celle-ci porte sur la presse psychiatrique fran\u00e7aise au second XIXe si\u00e8cle et sur l\u2019histoire sociale et culturelle de la psychiatrie.<\/p>\n<p>En 2023, Nicolas Brard rejoint l\u2019\u00e9quipe Sciences &amp; M\u00e9dias dirig\u00e9e par Fr\u00e9d\u00e9ric Tournier comme chercheur associ\u00e9. Il est recrut\u00e9 en tant qu\u2019Attach\u00e9 Temporaire d\u2019Enseignement et de Recherche (ATER) \u00e0 l\u2019IUT de Tours et \u00e0 l\u2019\u00c9cole Publique de Journalisme de Tours (EPJT) en septembre 2024, avant d\u2019y \u00eatre nomm\u00e9 Ma\u00eetre de Conf\u00e9rences en 2025.<\/p>\n<p>Ses travaux se situent au croisement de deux champs de recherche, les sciences de l\u2019information et de la communication (SIC) et les \u00e9tudes Science, Technologie, Soci\u00e9t\u00e9 (STS), et portent sur la communication publique des sciences, abord\u00e9e selon trois angles principaux : celui de la communication des institutions de recherche scientifique\u2009; celui des individus, par une approche socio-professionnelle et cognitive de l\u2019engagement des chercheurs dans la vulgarisation scientifique\u2009; et enfin, celui des m\u00e9dias, notamment ceux natifs des r\u00e9seaux socio-num\u00e9riques. Il travaille principalement avec des approches qualitatives sur des corpus num\u00e9riques et \u00e0 partir d\u2019entretiens.<\/p>\n<p>&nbsp;<\/p>\n<h3>Publications<\/h3>\n<h4>Articles dans revues nationales \u00e0 comit\u00e9 de lecture<\/h4>\n<p>N. Brard, \u00ab\u2009De nouveaux acteurs de la m\u00e9diation scientifique sur Instagram\u2009? L\u2019exemple du traitement de la sant\u00e9 mentale par <em>Brut<\/em>, <em>Konbini<\/em> et <em>FranceTVSlash<\/em>\u2009\u00bb, \u00e0 para\u00eetre dans <em>Les Enjeux de l\u2019information et de la communication<\/em>, 2025.<\/p>\n<p>N. Brard, \u00ab\u2009S\u2019investir dans la communication d\u2019une recherche sensible : le cas du primate non humain\u2009\u00bb, \u00e0 para\u00eetre dans <em>\u00c9tudes de Communication<\/em>, 2025.<\/p>\n<p>N. Brard, \u00ab\u2009La m\u00e9diatisation des sp\u00e9cialit\u00e9s m\u00e9dicales au XIXe si\u00e8cle : entre structuration et affirmation\u2009\u00bb, \u00e0 para\u00eetre dans <em>Le Temps des m\u00e9dias<\/em>, 2025.<\/p>\n<p>N. Brard, \u00ab\u2009Du g\u00e9nie et de la folie des personnages c\u00e9l\u00e8bres : la rubrique \u201cPsychologie morbide\u201d des <em>Annales m\u00e9dico-psychologiques<\/em>\u2009\u00bb, <em>Ligeia<\/em>, n\u00b0 213-216 (2), 123-130. <a href=\"https:\/\/doi.org\/10.3917\/lige.213.0123\">https:\/\/doi.org\/10.3917\/lige.213.0123<\/a><\/p>\n<p>N. Brard, \u00ab\u2009La psychose maniaque-d\u00e9pressive, la d\u00e9mence pr\u00e9coce et leur difficile diagnostic diff\u00e9rentiel \u00e0 l\u2019aube du XXe si\u00e8cle\u2009\u00bb, <em>PSN<\/em>, 22 (1), 2024, p. 63-82. <a href=\"https:\/\/shs.cairn.info\/revue-psn-2024-1-page-63?lang=fr\">https:\/\/shs.cairn.info\/revue-psn-2024-1-page-63?lang=fr<\/a><\/p>\n<p>N. Brard, \u00ab\u2009Nadine Skwortzoff (1852-1938), premi\u00e8re admise \u00e0 la Soci\u00e9t\u00e9 m\u00e9dico-psychologique et pionni\u00e8re de l\u2019\u00e9tude de l\u2019aphasie\u2009\u00bb, <em>Annales m\u00e9dico-psychologiques<\/em>, 2024, DOI : 10.1016\/j.amp.2024.01.006<\/p>\n<h4><\/h4>\n<h4>Entr\u00e9e de dictionnaire<\/h4>\n<p>N. Brard, \u00ab\u2009Presse psychiatrique\u2009\u00bb, dans Herv\u00e9 Guillemain (dir.), <em>DicoPolHiS<\/em>, Le Mans Universit\u00e9, 2024.<\/p>\n","protected":false},"excerpt":{"rendered":"<p>Chercheur associ\u00e9 Ma\u00eetre de conf\u00e9rences en sciences de l\u2019information et de la communication \u00e0 l\u2019Universit\u00e9 de Tours &#x6e;&#105;c&#x6f;&#108;&#97;&#x73;&#x2e;&#98;r&#x61;&#114;d&#x40;&#x75;&#45;p&#x61;&#114;i&#x73;&#x2e;&#102;r Apr\u00e8s un master en biologie mol\u00e9culaire et cellulaire obtenu \u00e0 l\u2019Universit\u00e9 Pierre et Marie Curie (2015), Nicolas Brard se dirige vers un master en journalisme, communication et cultures scientifiques \u00e0 l\u2019Universit\u00e9 Paris &#8230;<\/p>\n","protected":false},"author":97,"featured_media":0,"parent":2,"menu_order":4,"comment_status":"closed","ping_status":"closed","template":"","meta":{"footnotes":""},"class_list":["post-5051","page","type-page","status-publish","hentry","column","onecol"],"_links":{"self":[{"href":"https:\/\/sciences-medias.fr\/blogs\/wp-json\/wp\/v2\/pages\/5051","targetHints":{"allow":["GET"]}}],"collection":[{"href":"https:\/\/sciences-medias.fr\/blogs\/wp-json\/wp\/v2\/pages"}],"about":[{"href":"https:\/\/sciences-medias.fr\/blogs\/wp-json\/wp\/v2\/types\/page"}],"author":[{"embeddable":true,"href":"https:\/\/sciences-medias.fr\/blogs\/wp-json\/wp\/v2\/users\/97"}],"replies":[{"embeddable":true,"href":"https:\/\/sciences-medias.fr\/blogs\/wp-json\/wp\/v2\/comments?post=5051"}],"version-history":[{"count":4,"href":"https:\/\/sciences-medias.fr\/blogs\/wp-json\/wp\/v2\/pages\/5051\/revisions"}],"predecessor-version":[{"id":5616,"href":"https:\/\/sciences-medias.fr\/blogs\/wp-json\/wp\/v2\/pages\/5051\/revisions\/5616"}],"up":[{"embeddable":true,"href":"https:\/\/sciences-medias.fr\/blogs\/wp-json\/wp\/v2\/pages\/2"}],"wp:attachment":[{"href":"https:\/\/sciences-medias.fr\/blogs\/wp-json\/wp\/v2\/media?parent=5051"}],"curies":[{"name":"wp","href":"https:\/\/api.w.org\/{rel}","templated":true}]}}