{"id":257,"date":"2012-12-19T11:29:36","date_gmt":"2012-12-19T10:29:36","guid":{"rendered":"http:\/\/sciences-medias.fr\/blogs\/?page_id=257"},"modified":"2025-12-17T10:01:54","modified_gmt":"2025-12-17T09:01:54","slug":"inscriptions-master","status":"publish","type":"page","link":"https:\/\/sciences-medias.fr\/blogs\/master\/inscriptions-master\/","title":{"rendered":"Inscriptions au master Audiovisuel, journalisme et communication scientifiques (AJCS)"},"content":{"rendered":"<h3>Candidatures<\/h3>\n<p>Pour la <strong>prochaine session<\/strong>, voir <a href=\"https:\/\/sciences-medias.fr\/blogs\/master\/candidature\/\">la page \u00ab Candidature \u00bb<\/a>.<\/p>\n<h4>Premi\u00e8re ann\u00e9e (M1)<\/h4>\n<p>Le master <em>Audiovisuel, journalisme et communication scientifiques<\/em> ne peut pas \u00eatre suivi en mobilit\u00e9 internationale, la pr\u00e9sence aux enseignements \u00e9tant obligatoire.<\/p>\n<p>Pour \u00eatre candidat au Master, vous devez avoir suivi une formation scientifique, technique ou m\u00e9dicale d\u2019un niveau bac + 3 confirm\u00e9 ou sup\u00e9rieur.<\/p>\n<p>Vous pouvez pr\u00e9senter votre candidature \u00e0 condition d&rsquo;avoir un projet professionnel en ad\u00e9quation avec notre formation. Dans tous les cas, le recrutement se fait apr\u00e8s examen de votre dossier de candidature. Les candidats retenus sont ensuite convoqu\u00e9s \u00e0 un entretien avec les responsables de la formation. Nous accueillons 12 \u00e0 15 \u00e9tudiant.e.s en premi\u00e8re ann\u00e9e.<\/p>\n<p>&nbsp;<\/p>\n<h4>Acc\u00e8s direct en deuxi\u00e8me ann\u00e9e (M2)<\/h4>\n<p>L&rsquo;entr\u00e9e directe en M2 repose a priori sur une exp\u00e9rience pr\u00e9alable dans le domaine de l&rsquo;information et de la communication scientifiques, et sur la perspective concr\u00e8te d&rsquo;un contrat d&rsquo;alternance dans ce domaine. Dans tous les cas, nous vous recommandons de postuler \u00e9galement en M1 si vous \u00eates motiv\u00e9.e.s.<br \/>\nPublic concern\u00e9 par la formation continue : demandeurs d\u2019emploi inscrits \u00e0 P\u00f4le Emploi ou en Cong\u00e9 Individuel de Formation (CIF), candidats en reprise d&rsquo;\u00e9tudes (interruption d&rsquo;\u00e9tudes de plus d&rsquo;un an). Une validation des acquis professionnels peut \u00eatre envisag\u00e9e au cas par cas. Le co\u00fbt de la formation, selon les tarifs en vigueur \u00e0 l\u2019Universit\u00e9, sera factur\u00e9 \u00e0 l\u2019employeur ou \u00e0 l\u2019organisme payeur, les droits universitaires demeurant \u00e0 la charge du stagiaire.<br \/>\n\u00c0 titre indicatif, les frais de formation continue pour l&rsquo;ann\u00e9e 2021-2022 sont au minimum de 6.500 \u20ac pour une FC financ\u00e9e par une entreprise ou un organisme, et 1.200 \u20ac pour une FC financ\u00e9e par le stagiaire, \u00e0 payer en compl\u00e9ment des droits universitaires.<\/p>\n<p><strong>Dates de candidatures du master Audiovisuel, journalisme et communication scientifiques :<br \/>\n<\/strong>voir <a href=\"https:\/\/sciences-medias.fr\/blogs\/master\/candidature\/\">la page \u00ab Candidature \u00bb<\/a>.<\/p>\n<p style=\"text-align: right;\"><a title=\"Contacts\" href=\"https:\/\/sciences-medias.fr\/blogs\/contacts\/\">Contacts &gt;<\/a><\/p>\n<p>&nbsp;<\/p>\n","protected":false},"excerpt":{"rendered":"<p>Candidatures Pour la prochaine session, voir la page \u00ab Candidature \u00bb. Premi\u00e8re ann\u00e9e (M1) Le master Audiovisuel, journalisme et communication scientifiques ne peut pas \u00eatre suivi en mobilit\u00e9 internationale, la pr\u00e9sence aux enseignements \u00e9tant obligatoire. Pour \u00eatre candidat au Master, vous devez avoir suivi une formation scientifique, technique ou m\u00e9dicale &#8230;<\/p>\n","protected":false},"author":97,"featured_media":0,"parent":51,"menu_order":6,"comment_status":"closed","ping_status":"closed","template":"","meta":{"footnotes":""},"class_list":["post-257","page","type-page","status-publish","hentry","column","onecol"],"_links":{"self":[{"href":"https:\/\/sciences-medias.fr\/blogs\/wp-json\/wp\/v2\/pages\/257","targetHints":{"allow":["GET"]}}],"collection":[{"href":"https:\/\/sciences-medias.fr\/blogs\/wp-json\/wp\/v2\/pages"}],"about":[{"href":"https:\/\/sciences-medias.fr\/blogs\/wp-json\/wp\/v2\/types\/page"}],"author":[{"embeddable":true,"href":"https:\/\/sciences-medias.fr\/blogs\/wp-json\/wp\/v2\/users\/97"}],"replies":[{"embeddable":true,"href":"https:\/\/sciences-medias.fr\/blogs\/wp-json\/wp\/v2\/comments?post=257"}],"version-history":[{"count":57,"href":"https:\/\/sciences-medias.fr\/blogs\/wp-json\/wp\/v2\/pages\/257\/revisions"}],"predecessor-version":[{"id":5778,"href":"https:\/\/sciences-medias.fr\/blogs\/wp-json\/wp\/v2\/pages\/257\/revisions\/5778"}],"up":[{"embeddable":true,"href":"https:\/\/sciences-medias.fr\/blogs\/wp-json\/wp\/v2\/pages\/51"}],"wp:attachment":[{"href":"https:\/\/sciences-medias.fr\/blogs\/wp-json\/wp\/v2\/media?parent=257"}],"curies":[{"name":"wp","href":"https:\/\/api.w.org\/{rel}","templated":true}]}}