{"id":2472,"date":"2017-03-13T22:47:47","date_gmt":"2017-03-13T21:47:47","guid":{"rendered":"http:\/\/sciences-medias.fr\/blogs\/?page_id=2472"},"modified":"2025-12-08T14:03:28","modified_gmt":"2025-12-08T13:03:28","slug":"axe-de-recherche","status":"publish","type":"page","link":"https:\/\/sciences-medias.fr\/blogs\/axe-de-recherche\/","title":{"rendered":"\u00ab Sciences et m\u00e9dias \u00bb"},"content":{"rendered":"<p>Les enseignants-chercheurs impliqu\u00e9s dans le master sont rattach\u00e9s \u00e0 <a href=\"https:\/\/u-paris.fr\/cerilac\/axes-de-recherche\/cultures-et-medias\/\">l\u2019axe Cultures et m\u00e9dias du CERILAC<\/a>, qui r\u00e9unit des travaux en \u00e9tudes litt\u00e9raires, cin\u00e9matographiques, th\u00e9\u00e2trales ainsi qu\u2019en sciences de l\u2019information et de la communication. Ils s\u2019int\u00e9ressent \u00e0 des objets situ\u00e9s au croisement des sciences et des savoirs (XIX\u1d49-XXI\u1d49 si\u00e8cles) : m\u00e9dias, th\u00e9\u00e2tre scientifique, mus\u00e9es et expositions, controverses scientifiques, imaginaires des sciences et de la m\u00e9decine, exp\u00e9ditions scientifiques.<\/p>\n<h3><strong>Programmes et recherche en cours<\/strong><strong> :<\/strong><\/h3>\n<ul>\n<li style=\"list-style-type: none;\">\n<ul>\n<li><b>Communication des chercheurs<\/b>\n<ul>\n<li>Pratiques communicationnelles des acteurs de la recherche sur les plateformes num\u00e9riques (projet The Conversation) ;<\/li>\n<li>Analyse des formes d\u2019engagement des chercheurs dans les dispositifs de m\u00e9diation et de diffusion scientifique ;<\/li>\n<li>Enqu\u00eate qualitative aupr\u00e8s des communicants de l\u2019ESR portant sur leurs pratiques, leurs missions et leurs perceptions du m\u00e9tier<\/li>\n<\/ul>\n<\/li>\n<\/ul>\n<ul>\n<li><strong>Les stations maritimes en France. Institutions, pratiques, cultures<\/strong>\n<ul>\n<li><a href=\"https:\/\/sciences-medias.fr\/blogs\/les-stations-marines-en-france-institutions-pratiques-cultures\/\">Pr\u00e9sentation<\/a><\/li>\n<li><a href=\"https:\/\/sciences-medias.fr\/blogs\/stations-maritimes\/\">Site <em>Stations maritimes<\/em><\/a><\/li>\n<\/ul>\n<\/li>\n<li><strong>Culture des sciences au th\u00e9\u00e2tre<\/strong>\n<ul>\n<li><a href=\"https:\/\/sciences-medias.fr\/blogs\/mediation-des-sciences-et-techniques-par-la-scene-et-le-theatre-atelier-seminaire-2018-2019\/\">M\u00e9diation des sciences et techniques par la sc\u00e8ne et le th\u00e9\u00e2tre : atelier-s\u00e9minaire<\/a>. \u00c9ditions Universitaires d&rsquo;Avignon, ouvrage collectif <a href=\"https:\/\/sciences-medias.fr\/blogs\/au-theatre-de-sciences\/\">paru en juin 2023<\/a>.<\/li>\n<\/ul>\n<\/li>\n<li><b>Exp\u00e9ditions scientifiques<\/b>\n<ul>\n<li>Exp\u00e9dition biologique (Station La Gamba, Costa Rica, 2022) : <a href=\"https:\/\/sciences-medias.fr\/blogs\/drosorica\/\">r\u00e9alisation d\u2019un film<\/a> et d\u2019un <a href=\"https:\/\/theconversation.com\/une-expedition-pour-decouvrir-de-nouvelles-especes-de-drosophiles-au-costa-rica-181622\">article de vulgarisation scientifique<\/a>.<\/li>\n<li>Retraite scientifique (Paleochora, Gr\u00e8ce, 2023) : <a href=\"https:\/\/www.youtube.com\/watch?v=wxtgZehPTL4&amp;ab_channel=SciencesMediasParis7\">r\u00e9alisation d&rsquo;un film<\/a><em>.<\/em><\/li>\n<\/ul>\n<\/li>\n<\/ul>\n<\/li>\n<\/ul>\n<h3 style=\"text-align: right;\"><a href=\"https:\/\/sciences-medias.fr\/blogs\/category\/publications\/\"><strong>Publications\u00a0<\/strong><\/a><strong>&gt;<\/strong><\/h3>\n","protected":false},"excerpt":{"rendered":"<p>Les enseignants-chercheurs impliqu\u00e9s dans le master sont rattach\u00e9s \u00e0 l\u2019axe Cultures et m\u00e9dias du CERILAC, qui r\u00e9unit des travaux en \u00e9tudes litt\u00e9raires, cin\u00e9matographiques, th\u00e9\u00e2trales ainsi qu\u2019en sciences de l\u2019information et de la communication. Ils s\u2019int\u00e9ressent \u00e0 des objets situ\u00e9s au croisement des sciences et des savoirs (XIX\u1d49-XXI\u1d49 si\u00e8cles) : m\u00e9dias, &#8230;<\/p>\n","protected":false},"author":97,"featured_media":0,"parent":0,"menu_order":4,"comment_status":"closed","ping_status":"closed","template":"","meta":{"footnotes":""},"class_list":["post-2472","page","type-page","status-publish","hentry","column","onecol"],"_links":{"self":[{"href":"https:\/\/sciences-medias.fr\/blogs\/wp-json\/wp\/v2\/pages\/2472","targetHints":{"allow":["GET"]}}],"collection":[{"href":"https:\/\/sciences-medias.fr\/blogs\/wp-json\/wp\/v2\/pages"}],"about":[{"href":"https:\/\/sciences-medias.fr\/blogs\/wp-json\/wp\/v2\/types\/page"}],"author":[{"embeddable":true,"href":"https:\/\/sciences-medias.fr\/blogs\/wp-json\/wp\/v2\/users\/97"}],"replies":[{"embeddable":true,"href":"https:\/\/sciences-medias.fr\/blogs\/wp-json\/wp\/v2\/comments?post=2472"}],"version-history":[{"count":27,"href":"https:\/\/sciences-medias.fr\/blogs\/wp-json\/wp\/v2\/pages\/2472\/revisions"}],"predecessor-version":[{"id":5741,"href":"https:\/\/sciences-medias.fr\/blogs\/wp-json\/wp\/v2\/pages\/2472\/revisions\/5741"}],"wp:attachment":[{"href":"https:\/\/sciences-medias.fr\/blogs\/wp-json\/wp\/v2\/media?parent=2472"}],"curies":[{"name":"wp","href":"https:\/\/api.w.org\/{rel}","templated":true}]}}