{"id":83,"date":"2020-03-11T20:45:48","date_gmt":"2020-03-11T19:45:48","guid":{"rendered":"http:\/\/sciences-medias.fr\/blogs\/stations-maritimes\/?page_id=83"},"modified":"2020-05-28T14:30:04","modified_gmt":"2020-05-28T12:30:04","slug":"partie-4","status":"publish","type":"page","link":"https:\/\/sciences-medias.fr\/blogs\/stations-maritimes\/tamaris\/analyse\/partie-4\/","title":{"rendered":"Quatri\u00e8me partie. Affrontements dans le domaine psychologique : querelles de personnes"},"content":{"rendered":"<br \/>\n<h2>4.1 Une station maritime = une personne<\/h2>\n<p>G\u00e9rard Brichon nous a d\u00e9j\u00e0 fait remarquer que ce sont des gens passionn\u00e9s qui sont \u00e0 l&rsquo;origine des stations maritimes. \u00c0 la cr\u00e9ation de chaque station se trouve souvent la volont\u00e9 d\u2019un homme. Il ne s\u2019agissait pas, au XIX<sup>e<\/sup> si\u00e8cle, d\u2019une d\u00e9cision d\u2019\u00c9tat de cr\u00e9er ici ou l\u00e0 des laboratoires. Ce fut la volont\u00e9 de quelques personnalit\u00e9s. C\u2019est d\u2019ailleurs souvent la volont\u00e9 et la passion d\u2019un scientifique, d\u2019un industriel ou d\u2019un politique qui fait le succ\u00e8s d\u2019un projet, et le fait que ce projet puisse perdurer dans le temps.<\/p>\n<p><a href=\"https:\/\/sciences-medias.fr\/blogs\/stations-maritimes\/tamaris\/tamaris-interviews\/#ancre_brichon\">G\u00e9rard Brichon<\/a>&nbsp;: <span class=\"left\"><img decoding=\"async\" src=\"http:\/\/sciences-medias.fr\/blogs\/stations-maritimes\/files\/2020\/03\/Brichon_05bis.jpg\" alt=\"Photo de G\u00e9rard Brichon\"\/><\/span>\u00ab&nbsp;\u00c0 l\u2019origine, chaque station, c\u2019\u00e9tait un personnage, qui \u00e9tait \u00e0 la base de la station, qui a d\u00e9cid\u00e9 de faire une station et qui a donn\u00e9 la maison souvent, pas tous mais souvent, et qui a obtenu l\u2019argent d&rsquo;une personne. Et ensuite c\u2019est arriv\u00e9 entre les mains des universit\u00e9s, et puis apr\u00e8s c\u2019est devenu des INSU, des instituts des sciences de l\u2019univers, mais au d\u00e9part c\u2019\u00e9tait une personne, une station, une personne&nbsp;\u00bb.<\/p>\n<p>G\u00e9rard Brichon audio :<\/p>\n<p>\t<audio controls><source src=\"http:\/\/sciences-medias.fr\/blogs\/stations-maritimes\/files\/2020\/03\/Brichon_20.mp3\" type=\"audio\/mp3\">Votre navigateur n&rsquo;est pas compatible<\/audio><\/p>\n<p>Un peu plus loin dans l&rsquo;interview, G\u00e9rard Brichon souligne que Rapha\u00ebl Dubois&nbsp;<sup><a id=\"ap1\" href=\"#nt1\">1<\/a><\/sup>, \u00ab&nbsp;un esprit fort&nbsp;\u00bb dit-il, faisait probablement peur aux autres scientifiques qui s&rsquo;inqui\u00e9taient qu&rsquo;il phagocyte leur laboratoire. D&rsquo;o\u00f9 la recherche par Rapha\u00ebl Dubois d&rsquo;une autre implantation avec le site de Tamaris. <\/p>\n<h2>4.2 Les egos n\u00e9cessaires<\/h2>\n<p>Comme nous l\u2019avons d\u00e9j\u00e0 dit, Lionel Collet consid\u00e9rait que G\u00e9rard Brichon \u00e9tait un pi\u00e8tre chercheur, contrairement \u00e0 son pr\u00e9d\u00e9cesseur Gabriel P\u00e9r\u00e8s&nbsp;<sup><a id=\"ap2\" href=\"#nt2\">2<\/a><\/sup> qu\u2019il consid\u00e8re comme \u00e9tant un \u00ab&nbsp;vrai&nbsp;\u00bb chercheur (voir la <a href=\"https:\/\/fr.wikipedia.org\/wiki\/Gabriel_P%C3%A9r%C3%A8s\">fiche Wikip\u00e9dia sur Gabriel P\u00e9r\u00e8s<\/a>, qui retrace une partie de l\u2019histoire de l\u2019Institut Michel Pacha). Et historiquement, Rapha\u00ebl Dubois \u00e9tait une vraie personnalit\u00e9, autant que Michel Pacha dans son domaine.<\/p>\n<p>Pour G\u00e9rard Brichon, derri\u00e8re les aspects scientifiques, la pr\u00e9\u00e9minence de certaines disciplines par rapport \u00e0 d&rsquo;autres, derri\u00e8re les aspects \u00e9conomiques et de gestion, ou encore les aspects politiques, se cachent des enjeux psychologiques, des affaires d\u2019egos.<\/p>\n<p><a href=\"https:\/\/sciences-medias.fr\/blogs\/stations-maritimes\/tamaris\/tamaris-interviews\/#ancre_brichon\">G\u00e9rard Brichon<\/a>&nbsp;: <span class=\"left\"><img decoding=\"async\" src=\"http:\/\/sciences-medias.fr\/blogs\/stations-maritimes\/files\/2020\/03\/Brichon_06bis.jpg\" alt=\"Photo de G\u00e9rard Brichon\"\/><\/span>\u00ab Alors il y a souvent des conflits, des conflits d\u2019int\u00e9r\u00eats de personnes. Untel est bien en cours actuellement, donc il va obtenir l\u2019aide du gouvernement, des institutions, et il va bouffer les autres, il va les \u00e9liminer&nbsp;\u00bb.<\/p>\n<p>G\u00e9rard Brichon audio :<\/p>\n<p>\t<audio controls><source src=\"http:\/\/sciences-medias.fr\/blogs\/stations-maritimes\/files\/2020\/03\/Brichon_22.mp3\" type=\"audio\/mp3\">Votre navigateur n&rsquo;est pas compatible<\/audio><\/p>\n<p>G\u00e9rard Brichon (suite)&nbsp;: \u00ab&nbsp;\u2026 tout \u00e7a, ce sont des histoires de bonhommes, ce sont des histoires d\u2019ego, avant tout. Sous le pr\u00e9texte de l\u2019efficacit\u00e9\u2026 mais ce sont d&rsquo;abord des affaires d\u2019ego : on veut \u00eatre cacique \u00e0 la place du cacique. C\u2019est connu.&nbsp;\u00bb<\/p>\n<p>G\u00e9rard Brichon audio :<\/p>\n<p>\t<audio controls><source src=\"http:\/\/sciences-medias.fr\/blogs\/stations-maritimes\/files\/2020\/03\/Brichon_23.mp3\" type=\"audio\/mp3\">Votre navigateur n&rsquo;est pas compatible<\/audio><\/p>\n<p>Nathalie Bicais elle-m\u00eame pointe l\u2019importance des personnalit\u00e9s \u00e0 la t\u00eate de l\u2019institut.<\/p>\n<p>Nathalie Bicais&nbsp;: \u00ab&nbsp;et c\u2019est vrai qu&rsquo;en fait, \u00e7a d\u00e9pend aussi de la personnalit\u00e9 de celui qui tient la boutique, je suppose, parce que j\u2019imagine que quand ils mettent un responsable de l\u2019antenne de Tamaris, il est un peu autonome, et c\u2019est ce que j\u2019avais cru comprendre des discussions avec G\u00e9rard Brichon\u2026 Apr\u00e8s, c\u2019est difficile, la liaison ne se fait pas toujours de mani\u00e8re ais\u00e9e.&nbsp;\u00bb<\/p>\n<p>\t<video width=\"480\" controls><source src=\"http:\/\/sciences-medias.fr\/blogs\/stations-maritimes\/files\/2020\/03\/Bicais_16.mp4\" type=\"video\/mp4\"><\/video><\/p>\n<p>Aujourd\u2019hui, m\u00eame sur la bioluminescence avec les collaborations qui auraient \u00e9t\u00e9 possibles entre physiciens d\u2019Antares et biologistes de l\u2019Institut, celles-ci semblent difficiles. Comme nous l\u2019avons d\u00e9j\u00e0 vu, G\u00e9rard Brichon n\u2019h\u00e9site pas \u00e0 critiquer les approches scientifiques des physiciens d\u2019Antares, et les physiciens eux-m\u00eames pointent du doigt les difficult\u00e9s \u00e0 travailler en \u00e9quipe avec les biologistes (cf. Vincent Bertin et G\u00e9rard Brichon dans la premi\u00e8re partie 1.3 \u2013 L\u2019interdisciplinarit\u00e9 vs la sp\u00e9cialit\u00e9). L\u00e0 encore, des egos s\u2019affrontent.<\/p>\n<h2>4.3 Les jalousies, les besoins d\u2019argent<\/h2>\n<p>Les organisations sociales sont toujours empreintes de difficult\u00e9s relationnelles, notamment en situation de crise, quand un organisme rencontre des difficult\u00e9s financi\u00e8res et\/ou quand des restructurations sont planifi\u00e9es. Ici s\u2019expriment les ranc\u0153urs et les rancunes.<\/p>\n<p>G\u00e9rard Brichon&nbsp;: \u00ab&nbsp;Et puis pareil, avec l&rsquo;universit\u00e9 de Lyon c&rsquo;\u00e9tait pas toujours tout rose. Les chers coll\u00e8gues qui n&rsquo;arrivaient pas \u00e0 nous d\u00e9molir\u2026 parce qu&rsquo;ils voulaient faire dispara\u00eetre cette station, c&rsquo;\u00e9tait de longue date, une longue histoire. M\u00eame d\u00e9j\u00e0 P\u00e9r\u00e8s \u00e0 l&rsquo;\u00e9poque il \u00e9tait emb\u00eat\u00e9 avec les \u00ab&nbsp;chers&nbsp;\u00bb coll\u00e8gues. Mais comme j\u2019avais l&rsquo;autonomie financi\u00e8re, c&rsquo;\u00e9tait difficile, mais l&rsquo;universit\u00e9 aurait bien voulu r\u00e9cup\u00e9rer un petit quelque chose aussi sur le fric, mais non seulement l&rsquo;universit\u00e9, mais en plus les chers coll\u00e8gues qui \u00e9taient dans les UR (Unit\u00e9s de Recherche, N.d.A.), alors d\u00e9j\u00e0 ils nous foutaient des b\u00e2tons dans les roues mais en plus ils voulaient nous grignoter nos trucs. Alors l\u00e0 j&rsquo;avais trouv\u00e9 un arrangement, ils ne pouvaient pas r\u00e9cup\u00e9rer un centime l\u00e0-dessus.&nbsp;\u00bb<\/p>\n<p>G\u00e9rard Brichon audio&nbsp;:<\/p>\n<p>\t<audio controls><source src=\"http:\/\/sciences-medias.fr\/blogs\/stations-maritimes\/files\/2020\/03\/Brichon_24.mp3\" type=\"audio\/mp3\">Votre navigateur n&rsquo;est pas compatible<\/audio><\/p>\n<p>En 2007, quand Fran\u00e7ois Goulard&nbsp;<sup><a id=\"ap3\" href=\"#nt3\">3<\/a><\/sup> a visit\u00e9 l\u2019Institut, il avait, d\u2019apr\u00e8s G\u00e9rard Brichon, accord\u00e9 une subvention en urgence de 100.000 euros, et celle-ci a effectivement \u00e9t\u00e9 d\u00e9bloqu\u00e9e au niveau de l\u2019\u00c9tat, vers l\u2019universit\u00e9 Lyon&nbsp;1. Mais elle aurait \u00e9t\u00e9 employ\u00e9e \u00e0 d\u2019autres usages par Lyon&nbsp;1, et n&rsquo;est jamais parvenue \u00e0 l&rsquo;institut Michel Pacha.<br \/>\n\tComme nous l&rsquo;avons vu, les difficult\u00e9s financi\u00e8res \u00e9taient une des raisons de la fermeture de l&rsquo;Institut et G\u00e9rard Brichon nous parle aussi de la mani\u00e8re avec laquelle il a \u00e9t\u00e9 inform\u00e9 de la fermeture de son laboratoire, alors qu&rsquo;il avait trouv\u00e9 de l&rsquo;argent pour le faire perdurer.<\/p>\n<p>G\u00e9rard Brichon&nbsp;: \u00ab&nbsp;J\u2019ai appris la fermeture du laboratoire en lisant le journal local. <i>Var-Matin<\/i>. J\u2019\u00e9tais que le directeur du labo, donc on n\u2019a pas jug\u00e9 bon de m\u2019avertir qu\u2019on fermait. Donc quand j\u2019ai appris \u00e7a, \u00e9videmment, vous imaginez ma r\u00e9action. Donc j\u2019ai t\u00e9l\u00e9phon\u00e9, j\u2019ai eu Collet, qui m\u2019a dit oui, oui, mais de toute fa\u00e7on, \u00e7a nous co\u00fbte trop cher, mais si tu nous trouves un million, je revois la chose. Bon le million \u00e9videmment je ne l\u2019avais pas sous la main, mais j\u2019ai commenc\u00e9 \u00e0 faire la tourn\u00e9e des politiques, et l\u00e0 il se trouve que j\u2019avais un bon rapport, donc on m\u2019a pas dit : on va vous donner un million, mais par contre on m\u2019a dit, un million, \u00e7a s\u2019\u00e9tudie. Nous sommes pr\u00eats mais pas dans l\u2019imm\u00e9diat, nous sommes pr\u00eats \u00e0 essayer d&rsquo;\u00e9chelonner le truc. J\u2019a donc t\u00e9l\u00e9phon\u00e9 de nouveau \u00e0 Collet pour lui dire, voil\u00e0, il y a \u00e7a, mais il m\u2019a dit bon ben non, de toute fa\u00e7on \u00e7a ne nous int\u00e9resse pas. Voil\u00e0.&nbsp;\u00bb<\/p>\n<p>\t<video width=\"480\" controls><source src=\"http:\/\/sciences-medias.fr\/blogs\/stations-maritimes\/files\/2020\/03\/Brichon_34.mp4\" type=\"video\/mp4\"><\/video>\t<\/p>\n<p>G\u00e9rard Brichon vit sa situation comme celle d\u2019un David contre un Goliath&nbsp;: Lyon&nbsp;1. Il dit qu\u2019il a \u00ab&nbsp;fait un infarctus \u00e0 cause de ces zozos&nbsp;\u00bb et qu\u2019ils ont sciamment d\u00e9cr\u00e9dibilis\u00e9 le laboratoire sur le plan scientifique dans les m\u00e9dias.<\/p>\n<p>G\u00e9rard Brichon&nbsp;: \u00ab&nbsp;la gu\u00e9guerre\u2026 c\u2019est pour \u00e7a que je suis remont\u00e9 contre Collet et sa bande de cloportes, ils ont fait sortir dans le journal de La Seyne que les publications scientifiques de l\u2019Institut Michel Pacha ne valaient pas tripette, etc\u2026 \u00c7a valait pas un clou. Bon\u2026&nbsp;\u00bb<\/p>\n<p>G\u00e9rard Brichon audio&nbsp;:<\/p>\n<p>\t<audio controls><source src=\"http:\/\/sciences-medias.fr\/blogs\/stations-maritimes\/files\/2020\/03\/Brichon_27.mp3\" type=\"audio\/mp3\">Votre navigateur n&rsquo;est pas compatible<\/audio><\/p>\n<h2>Notes<\/h2>\n<p id=\"nt1\"><small><a href=\"#ap1\">1<\/a> Rapha\u00ebl Dubois (1849-1929), qui a cr\u00e9\u00e9 l&rsquo;Institut Michel Pacha, r\u00e9unissait la triple qualification de pharmacien, de m\u00e9decin et de naturaliste. Il d\u00e9couvrit le m\u00e9canisme intime du ph\u00e9nom\u00e8ne, montrant que la production de lumi\u00e8re \u00e9tait due \u00e0 l&rsquo;action d&rsquo;un ferment, qu&rsquo;il nomma lucif\u00e9rase, sur un substrat particulier, la lucif\u00e9rine.<\/small><\/p>\n<p id=\"nt2\"><small><a href=\"#ap2\">2<\/a> Gabriel P\u00e9r\u00e8s \u2014 n\u00e9 en 1920 \u00e0 Carbonne (Haute-Garonne), d\u00e9c\u00e9d\u00e9 en 2004 \u00e0 La Seyne-sur-Mer (Var) \u2014 docteur v\u00e9t\u00e9rinaire, fut professeur de physiologie g\u00e9n\u00e9rale et compar\u00e9e \u00e0 l&rsquo;universit\u00e9 Lyon&nbsp;1 et directeur de l&rsquo;Institut de biologie marine Michel-Pacha de Tamaris, \u00e0 La Seyne-sur-Mer. Voir la fiche wikipedia tr\u00e8s compl\u00e8te sur Gabriel P\u00e9r\u00e8s, qui retrace l&rsquo;histoire de l&rsquo;institut. <a href=\"https:\/\/fr.wikipedia.org\/wiki\/Gabriel_P%C3%A9r%C3%A8s\">https:\/\/fr.wikipedia.org\/wiki\/Gabriel_P%C3%A9r%C3%A8s<\/a><\/small><\/p>\n<p id=\"nt3\"><small><a href=\"#ap3\">3<\/a> Fran\u00e7ois Goulard a \u00e9t\u00e9 secr\u00e9taire d&rsquo;\u00c9tat aux Transports et \u00e0 la Mer de 2004 \u00e0 2005.<\/small><\/p>\n<h1>partie suivante :<\/h1>\n<h2><a href=\"http:\/\/sciences-medias.fr\/blogs\/stations-maritimes\/tamaris\/analyse\/partie-5\/\">Cinqui\u00e8me partie. Affrontements dans le domaine juridique&nbsp;: confrontations sur le plan judiciaire<\/a><\/h2>\n","protected":false},"excerpt":{"rendered":"<p>4.1 Une station maritime = une personne G\u00e9rard Brichon nous a d\u00e9j\u00e0 fait remarquer que ce sont des gens passionn\u00e9s qui sont \u00e0 l&rsquo;origine des stations maritimes. \u00c0 la cr\u00e9ation de chaque station se trouve souvent la volont\u00e9 d\u2019un homme. Il ne s\u2019agissait pas, au XIXe si\u00e8cle, d\u2019une d\u00e9cision d\u2019\u00c9tat de cr\u00e9er ici ou l\u00e0 [&hellip;]<\/p>\n","protected":false},"author":97,"featured_media":0,"parent":73,"menu_order":4,"comment_status":"closed","ping_status":"closed","template":"","meta":{"footnotes":""},"class_list":["post-83","page","type-page","status-publish","hentry"],"_links":{"self":[{"href":"https:\/\/sciences-medias.fr\/blogs\/stations-maritimes\/wp-json\/wp\/v2\/pages\/83","targetHints":{"allow":["GET"]}}],"collection":[{"href":"https:\/\/sciences-medias.fr\/blogs\/stations-maritimes\/wp-json\/wp\/v2\/pages"}],"about":[{"href":"https:\/\/sciences-medias.fr\/blogs\/stations-maritimes\/wp-json\/wp\/v2\/types\/page"}],"author":[{"embeddable":true,"href":"https:\/\/sciences-medias.fr\/blogs\/stations-maritimes\/wp-json\/wp\/v2\/users\/97"}],"replies":[{"embeddable":true,"href":"https:\/\/sciences-medias.fr\/blogs\/stations-maritimes\/wp-json\/wp\/v2\/comments?post=83"}],"version-history":[{"count":8,"href":"https:\/\/sciences-medias.fr\/blogs\/stations-maritimes\/wp-json\/wp\/v2\/pages\/83\/revisions"}],"predecessor-version":[{"id":338,"href":"https:\/\/sciences-medias.fr\/blogs\/stations-maritimes\/wp-json\/wp\/v2\/pages\/83\/revisions\/338"}],"up":[{"embeddable":true,"href":"https:\/\/sciences-medias.fr\/blogs\/stations-maritimes\/wp-json\/wp\/v2\/pages\/73"}],"wp:attachment":[{"href":"https:\/\/sciences-medias.fr\/blogs\/stations-maritimes\/wp-json\/wp\/v2\/media?parent=83"}],"curies":[{"name":"wp","href":"https:\/\/api.w.org\/{rel}","templated":true}]}}