{"id":77,"date":"2020-03-11T18:54:51","date_gmt":"2020-03-11T17:54:51","guid":{"rendered":"http:\/\/sciences-medias.fr\/blogs\/stations-maritimes\/?page_id=77"},"modified":"2020-07-02T15:23:22","modified_gmt":"2020-07-02T13:23:22","slug":"tamaris-interviews","status":"publish","type":"page","link":"https:\/\/sciences-medias.fr\/blogs\/stations-maritimes\/tamaris\/tamaris-interviews\/","title":{"rendered":"Acteurs interview\u00e9s"},"content":{"rendered":"<p><em>(par ordre alphab\u00e9tique)<\/em><\/p>\n<h4 id=\"ancre_bertin\">VINCENT BERTIN<\/h4>\n<p>Vincent Bertin est astrophysicien, directeur de recherche au CNRS, membre du Centre de physique des particules de Marseille (CPPM), chercheur \u00e0 l\u2019IN2P3 (Institut national de physique nucl\u00e9aire et de physique des particules). Il est sp\u00e9cialiste des neutrinos et des astroparticules, et <strong>il a \u00e9t\u00e9 responsable du programme Antares<\/strong>, dont une partie des activit\u00e9s est localis\u00e9e \u00e0 l\u2019Institut Michel Pacha (IMP).<\/p>\n<h4 id=\"ancre_bicais\">NATHALIE BICAIS<\/h4>\n<p>\u00c9lue maire de La Seyne-sur-Mer en 2020, Nathalie Bicais est architecte de formation. Elle a notamment \u00e9tudi\u00e9 la ville de La Seyne-sur-Mer sous plusieurs aspects, sociaux, \u00e9conomiques ou urbains. Elle a cr\u00e9\u00e9 en 1994 l\u2019association H\u00e9ritage et Paysage et plus tard, une autre association, AVEC (Association de valorisation et de convivialit\u00e9), avec un objectif de valorisation de la culture et du patrimoine seynois notamment <strong>sur le th\u00e8me de Michel Pacha<\/strong> et des \u00e9changes autour de la M\u00e9diterran\u00e9e.<\/p>\n<h4 id=\"ancre_bodennec\">JACQUES BODENNEC<\/h4>\n<p>Jacques Bodennec <strong>a effectu\u00e9 son DEA (Dipl\u00f4me d\u2019\u00e9tudes approfondies) et sa th\u00e8se \u00e0 l\u2019IMP<\/strong> sous la direction de G\u00e9rard Brichon entre 1994 et 1999, en collaboration avec l\u2019Universit\u00e9 de Limoges et la Facult\u00e9 de m\u00e9decine Lyon-Sud. Il est actuellement enseignant-chercheur au Centre de recherches en neurosciences de l\u2019UCBL.<\/p>\n<h4 id=\"ancre_brichon\">G\u00c9RARD BRICHON<\/h4>\n<p>Originaire de Lyon, G\u00e9rard Brichon d\u00e9couvre l\u2019Institut Michel Pacha dans les ann\u00e9es 1960 comme \u00e9tudiant, puis comme assistant du professeur Gabriel P\u00e9r\u00e8s. Il devient ma\u00eetre assistant puis ma\u00eetre de conf\u00e9rences en physiologie de l\u2019Universit\u00e9 Lyon&nbsp;1 avant de <strong>diriger la station entre 1988 et 2008<\/strong>, date de sa fermeture.<\/p>\n<h4 id=\"ancre_collet\">LIONEL COLLET<\/h4>\n<p>Professeur des universit\u00e9s praticien hospitalier (PUPH), psychiatre et ORL, Lionel Collet a \u00e9t\u00e9 <strong>pr\u00e9sident de l\u2019Universit\u00e9 Claude Bernard Lyon&nbsp;1 (UCBL) de 2006 \u00e0 2011<\/strong>. Il est actuellement conseiller d\u2019\u00c9tat. Il a pr\u00e9c\u00e9demment occup\u00e9 le poste de directeur de cabinet de la secr\u00e9taire d\u2019\u00c9tat charg\u00e9e de l\u2019enseignement sup\u00e9rieur et de la recherche, Genevi\u00e8ve Fioraso, de mai 2012 \u00e0 octobre 2013. Il a \u00e9galement \u00e9t\u00e9 \u00e0 la t\u00eate de la Conf\u00e9rence des pr\u00e9sidents d\u2019universit\u00e9 (CPU) de 2008 \u00e0 2010, dont il a \u00e9t\u00e9 le premier pr\u00e9sident.<\/p>\n<h4 id=\"ancre_cyrulnik\">FLORENCE CYRULNIK<\/h4>\n<p><strong>Adjointe \u00e0 la culture et au patrimoine de La Seyne-sur-Mer<\/strong> \u00e0 la mairie de La Seyne-sur-Mer, elle a \u00e9t\u00e9 conseill\u00e8re municipale d\u00e9l\u00e9gu\u00e9e au patrimoine, aux archives et aux mus\u00e9es. Elle a constamment mis en valeur le patrimoine de sa ville et de la r\u00e9gion, sensible \u00e0 l\u2019art et \u00e0 l\u2019urbanisme en particulier.<\/p>\n<h4 id=\"ancre_fleury\">FR\u00c9D\u00c9RIC FLEURY<\/h4>\n<p>Biologiste de formation, Fr\u00e9d\u00e9ric Fleury est <strong>pr\u00e9sident de l&rsquo;Universit\u00e9 Claude Bernard Lyon&nbsp;1 (UCBL) depuis le 8 mars 2016<\/strong>, o\u00f9 il a succ\u00e9d\u00e9 \u00e0 Fran\u00e7ois-No\u00ebl Gilly. Au cours de la mandature de ce dernier (2012\u20132016), il \u00e9tait vice-pr\u00e9sident de l\u2019universit\u00e9 en charge de l\u2019immobilier et du d\u00e9veloppement durable. Auparavant, il a \u00e9t\u00e9 directeur du d\u00e9partement de biologie de la facult\u00e9 des sciences et technologies.<\/p>\n<h4 id=\"ancre_gilly\">FRAN\u00c7OIS-NO\u00cbL GILLY<\/h4>\n<p>Fran\u00e7ois-No\u00ebl Gilly, professeur des universit\u00e9s praticien hospitalier, a \u00e9t\u00e9 <strong>pr\u00e9sident de l\u2019Universit\u00e9 Claude Bernard Lyon&nbsp;1 (UCBL) de mars 2012 \u00e0 mars 2016<\/strong>. Directeur de l&rsquo;\u00e9quipe mixte de recherche EMR 3738 (Universit\u00e9 Claude Bernard, Hospices Civils de Lyon et Universit\u00e9 Jean Monnet) depuis 2003, il dirige le R\u00e9seau national des tumeurs rares du p\u00e9ritoine (RENAPE). Auparavant, il a \u00e9t\u00e9 doyen de l\u2019UFR de m\u00e9decine et de ma\u00efeutique Lyon-Sud Charles-M\u00e9rieux de 1999 \u00e0 2012. Il a notamment permis pendant sa pr\u00e9sidence de l\u2019universit\u00e9 le renouvellement du dialogue avec les responsables politiques locaux (La Seyne-sur-Mer) et r\u00e9gionaux (Var).<\/p>\n","protected":false},"excerpt":{"rendered":"<p>(par ordre alphab\u00e9tique) VINCENT BERTIN Vincent Bertin est astrophysicien, directeur de recherche au CNRS, membre du Centre de physique des particules de Marseille (CPPM), chercheur \u00e0 l\u2019IN2P3 (Institut national de physique nucl\u00e9aire et de physique des particules). Il est sp\u00e9cialiste des neutrinos et des astroparticules, et il a \u00e9t\u00e9 responsable du programme Antares, dont une [&hellip;]<\/p>\n","protected":false},"author":97,"featured_media":0,"parent":10,"menu_order":3,"comment_status":"closed","ping_status":"closed","template":"","meta":{"footnotes":""},"class_list":["post-77","page","type-page","status-publish","hentry"],"_links":{"self":[{"href":"https:\/\/sciences-medias.fr\/blogs\/stations-maritimes\/wp-json\/wp\/v2\/pages\/77","targetHints":{"allow":["GET"]}}],"collection":[{"href":"https:\/\/sciences-medias.fr\/blogs\/stations-maritimes\/wp-json\/wp\/v2\/pages"}],"about":[{"href":"https:\/\/sciences-medias.fr\/blogs\/stations-maritimes\/wp-json\/wp\/v2\/types\/page"}],"author":[{"embeddable":true,"href":"https:\/\/sciences-medias.fr\/blogs\/stations-maritimes\/wp-json\/wp\/v2\/users\/97"}],"replies":[{"embeddable":true,"href":"https:\/\/sciences-medias.fr\/blogs\/stations-maritimes\/wp-json\/wp\/v2\/comments?post=77"}],"version-history":[{"count":6,"href":"https:\/\/sciences-medias.fr\/blogs\/stations-maritimes\/wp-json\/wp\/v2\/pages\/77\/revisions"}],"predecessor-version":[{"id":341,"href":"https:\/\/sciences-medias.fr\/blogs\/stations-maritimes\/wp-json\/wp\/v2\/pages\/77\/revisions\/341"}],"up":[{"embeddable":true,"href":"https:\/\/sciences-medias.fr\/blogs\/stations-maritimes\/wp-json\/wp\/v2\/pages\/10"}],"wp:attachment":[{"href":"https:\/\/sciences-medias.fr\/blogs\/stations-maritimes\/wp-json\/wp\/v2\/media?parent=77"}],"curies":[{"name":"wp","href":"https:\/\/api.w.org\/{rel}","templated":true}]}}