{"id":73,"date":"2020-03-11T18:08:54","date_gmt":"2020-03-11T17:08:54","guid":{"rendered":"http:\/\/sciences-medias.fr\/blogs\/stations-maritimes\/?page_id=73"},"modified":"2020-05-28T13:56:32","modified_gmt":"2020-05-28T11:56:32","slug":"analyse","status":"publish","type":"page","link":"https:\/\/sciences-medias.fr\/blogs\/stations-maritimes\/tamaris\/analyse\/","title":{"rendered":"ENJEUX et jeux autour de l\u2019Institut Michel Pacha"},"content":{"rendered":"<p><strong>Probl\u00e9matique&nbsp;: pourquoi ce silence, pourquoi cette absence de Tamaris, en tant que station maritime, de la sc\u00e8ne scientifique&nbsp;? La crise que traverse l\u2019Institut Michel Pacha fait ressortir des enjeux diff\u00e9rents pour les uns et les autres. Chacun a ses propres arguments.<\/strong><\/p>\n<h1>Sommaire<\/h1>\n<ul class=\"sousmenu_haut1\">\n<li><strong><a href=\"https:\/\/sciences-medias.fr\/blogs\/stations-maritimes\/tamaris\/analyse\/partie-1\/\">1. Affrontements dans le domaine des sciences&nbsp;: enjeux scientifiques<\/a><\/strong>\n<ul class=\"sousmenu_haut2\">\n<li>1.1 Les anciens vs les modernes<\/li>\n<li>1.2 Le tout vs l\u2019unit\u00e9<\/li>\n<li>1.3 L\u2019interdisciplinarit\u00e9 vs la sp\u00e9cialit\u00e9<\/li>\n<li>1.4 De l\u2019int\u00e9r\u00eat des petites unit\u00e9s de recherche<\/li>\n<li>1.5 L\u2019int\u00e9r\u00eat scientifique d&rsquo;\u00eatre situ\u00e9 localement\n<ul class=\"sousmenu_haut3\">\n<li>1.5.1 pour la recherche<\/li>\n<li>1.5.2 pour l\u2019enseignement<\/li>\n<\/ul>\n<\/li>\n<\/ul>\n<\/li>\n<li><strong><a href=\"https:\/\/sciences-medias.fr\/blogs\/stations-maritimes\/tamaris\/analyse\/partie-2\/\">2. Affrontements dans le domaine \u00e9conomique : enjeux financiers<\/a><\/strong>\n<ul class=\"sousmenu_haut2\">\n<li>2.1 La rationalit\u00e9<\/li>\n<li>2.2 Les co\u00fbts\n<ul class=\"sousmenu_haut3\">\n<li>2.2.1 d\u00e9truire ou adapter, modifier<\/li>\n<li>2.2.2 L\u2019\u00e9loignement, enjeu \u00e9conomique<\/li>\n<li>2.2.3 L\u2019option \u00ab Vendre \u00bb (la d\u00e9volution du patrimoine)<\/li>\n<li>2.2.4 Se positionner par rapport \u00e0 la concurrence<\/li>\n<li>2.2.5 La niche vs la plateforme<\/li>\n<li>2.2.6 L\u2019autonomie \u00e9conomique de la station<\/li>\n<\/ul>\n<\/li>\n<\/ul>\n<\/li>\n<li><strong><a href=\"https:\/\/sciences-medias.fr\/blogs\/stations-maritimes\/tamaris\/analyse\/partie-3\/\">3. Affrontement dans le domaine politique&nbsp;: enjeux strat\u00e9giques<\/a><\/strong>\n<ul class=\"sousmenu_haut2\">\n<li>3.1 Qui d\u00e9cide (\u00e9narques, m\u00e9decins, biologistes&nbsp;?)<\/li>\n<li>3.2 Quelles politiques de la recherche&nbsp;?\n<ul class=\"sousmenu_haut3\">\n<li>3.2.1 Le fondamental vs l\u2019appliqu\u00e9 (ou le scientifique vs l\u2019industriel)<\/li>\n<li>3.2.2 la \u00ab\u00a0big science\u00a0\u00bb vs la science<\/li>\n<\/ul>\n<\/li>\n<li>3.3 Enjeux locaux vs enjeux nationaux\n<ul class=\"sousmenu_haut3\">\n<li>3.3.1 Sur le plan scientifique&nbsp;: une histoire et une g\u00e9ographie\n<ul class=\"sousmenu_haut4\">\n<li>3.3.1.1 L\u2019ancrage historique scientifique local<\/li>\n<li>3.3.1.2 La synergie scientifique locale (les partenariats locaux)<\/li>\n<\/ul>\n<\/li>\n<li>3.3.2 L\u2019ancrage local, culturel et patrimonial\n<ul class=\"sousmenu_haut4\">\n<li>3.3.2.1 Int\u00e9r\u00eat pour le patrimoine, int\u00e9r\u00eat \u00e9conomique et culturel.<\/li>\n<li>3.3.2.2 La diffusion de la science (int\u00e9r\u00eat des locaux)<\/li>\n<li>3.3.2.3 L&rsquo;\u00e9loignement du si\u00e8ge, le rapprochement avec les acteurs locaux<\/li>\n<\/ul>\n<\/li>\n<\/ul>\n<\/li>\n<li>3.4. L&rsquo;interf\u00e9rence du \u00ab\u00a0pas de chance\u00a0\u00bb, les al\u00e9as de la vie<\/li>\n<\/ul>\n<\/li>\n<li><strong><a href=\"https:\/\/sciences-medias.fr\/blogs\/stations-maritimes\/tamaris\/analyse\/partie-4\/\">4. Affrontements dans le domaine psychologique&nbsp;: querelles de personnes<\/a><\/strong>\n<ul class=\"sousmenu_haut2\">\n<li>4.1 Une station maritime = une personne<\/li>\n<li>4.2 Les \u00e9gos n\u00e9cessaires<\/li>\n<li>4.3 Les jalousies, les besoins d\u2019argent<\/li>\n<\/ul>\n<\/li>\n<li><strong><a href=\"https:\/\/sciences-medias.fr\/blogs\/stations-maritimes\/tamaris\/analyse\/partie-5\/\">5. Affrontements dans le domaine juridique&nbsp;: confrontations sur le plan judiciaire<\/a><\/strong>\n<ul class=\"sousmenu_haut2\">\n<li>5.1 Statut de la donation<\/li>\n<li>5.2 Local vs national<\/li>\n<li>5.3 Int\u00e9r\u00eat des h\u00e9ritiers<\/li>\n<li>5.4 Aspect culturel&nbsp;: science vs justice<\/li>\n<li>5.5 Alliances strat\u00e9giques<\/li>\n<\/ul>\n<\/li>\n<\/ul>\n","protected":false},"excerpt":{"rendered":"<p>Probl\u00e9matique&nbsp;: pourquoi ce silence, pourquoi cette absence de Tamaris, en tant que station maritime, de la sc\u00e8ne scientifique&nbsp;? La crise que traverse l\u2019Institut Michel Pacha fait ressortir des enjeux diff\u00e9rents pour les uns et les autres. Chacun a ses propres arguments. Sommaire 1. Affrontements dans le domaine des sciences&nbsp;: enjeux scientifiques 1.1 Les anciens vs [&hellip;]<\/p>\n","protected":false},"author":97,"featured_media":0,"parent":10,"menu_order":2,"comment_status":"closed","ping_status":"closed","template":"","meta":{"footnotes":""},"class_list":["post-73","page","type-page","status-publish","hentry"],"_links":{"self":[{"href":"https:\/\/sciences-medias.fr\/blogs\/stations-maritimes\/wp-json\/wp\/v2\/pages\/73","targetHints":{"allow":["GET"]}}],"collection":[{"href":"https:\/\/sciences-medias.fr\/blogs\/stations-maritimes\/wp-json\/wp\/v2\/pages"}],"about":[{"href":"https:\/\/sciences-medias.fr\/blogs\/stations-maritimes\/wp-json\/wp\/v2\/types\/page"}],"author":[{"embeddable":true,"href":"https:\/\/sciences-medias.fr\/blogs\/stations-maritimes\/wp-json\/wp\/v2\/users\/97"}],"replies":[{"embeddable":true,"href":"https:\/\/sciences-medias.fr\/blogs\/stations-maritimes\/wp-json\/wp\/v2\/comments?post=73"}],"version-history":[{"count":8,"href":"https:\/\/sciences-medias.fr\/blogs\/stations-maritimes\/wp-json\/wp\/v2\/pages\/73\/revisions"}],"predecessor-version":[{"id":331,"href":"https:\/\/sciences-medias.fr\/blogs\/stations-maritimes\/wp-json\/wp\/v2\/pages\/73\/revisions\/331"}],"up":[{"embeddable":true,"href":"https:\/\/sciences-medias.fr\/blogs\/stations-maritimes\/wp-json\/wp\/v2\/pages\/10"}],"wp:attachment":[{"href":"https:\/\/sciences-medias.fr\/blogs\/stations-maritimes\/wp-json\/wp\/v2\/media?parent=73"}],"curies":[{"name":"wp","href":"https:\/\/api.w.org\/{rel}","templated":true}]}}