{"id":66,"date":"2020-03-11T17:52:17","date_gmt":"2020-03-11T16:52:17","guid":{"rendered":"http:\/\/sciences-medias.fr\/blogs\/stations-maritimes\/?page_id=66"},"modified":"2020-03-19T17:23:44","modified_gmt":"2020-03-19T16:23:44","slug":"jean-francois-ternay-enjeux-personnels","status":"publish","type":"page","link":"https:\/\/sciences-medias.fr\/blogs\/stations-maritimes\/les-stations-maritimes-en-france\/jean-francois-ternay-enjeux-personnels\/","title":{"rendered":"Jean-Fran\u00e7ois Ternay : enjeux personnels"},"content":{"rendered":"<p>J\u2019ai d\u00e9couvert les stations maritimes avec l\u2019historien des sciences Jean-Louis Fischer qui a longtemps travaill\u00e9 sur leurs origines. J\u2019\u00e9tais, dans les ann\u00e9es 2000, r\u00e9alisateur de films au CNRS et Jean-Louis Fischer pensait, \u00e0 juste titre, qu\u2019il y avait mati\u00e8re \u00e0 faire un film sur l\u2019histoire des stations maritimes en France. Nous avions d\u00e9fendu ce projet dans le cadre des rencontres organis\u00e9es par le CNRS et la SCAM (Soci\u00e9t\u00e9 Civile des Auteurs Multim\u00e9dia) entre des producteurs de l\u2019AST (Association Science T\u00e9l\u00e9vision) et des chercheurs. Sans succ\u00e8s, m\u00eame si nous pensons toujours qu\u2019il y aurait l\u00e0 un tr\u00e8s bon sujet de film.<br \/>\nAvec Jean-Louis Ficher, nous travaillions, \u00e0 l\u2019\u00e9poque, sur les repr\u00e9sentations de l\u2019embryon humain. Lui comme chercheur en histoire des sciences, dans le cadre d\u2019une ACI (Action Concert\u00e9e Incitative) au Centre <a href=\"http:\/\/sciences-medias.fr\/blogs\/stations-maritimes\/files\/2020\/03\/Fred_tournier.jpg\"><img loading=\"lazy\" decoding=\"async\" class=\"size-full wp-image-59 alignleft\" src=\"http:\/\/sciences-medias.fr\/blogs\/stations-maritimes\/files\/2020\/03\/jf_ternay.jpg\" alt=\"\" width=\"200\" height=\"201\" \/><\/a>Koyr\u00e9, moi comme r\u00e9alisateur audiovisuel au CNRS, puis comme enseignant-chercheur \u00e0 l\u2019universit\u00e9 Paris 11 (aujourd\u2019hui Paris-Saclay) dans un laboratoire d\u2019histoire et philosophie des sciences&nbsp;: le GHDSO (groupe d\u2019histoire et diffusion des sciences d\u2019Orsay).<br \/>\nQuel rapport entre les recherches sur l\u2019embryon humain et les stations maritimes&nbsp;?<br \/>\nLa reproduction sexu\u00e9e fut longtemps un myst\u00e8re, et ce n\u2019est que relativement r\u00e9cemment, notamment gr\u00e2ce aux stations maritimes, au XIX<sup>e<\/sup> si\u00e8cle, que ses m\u00e9canismes fondamentaux ont \u00e9t\u00e9 \u00e9lucid\u00e9s. Les stations maritimes sont n\u00e9es avec l\u2019apparition d\u2019une r\u00e9volution scientifique au sein de la physiologie&nbsp;: la m\u00e9decine exp\u00e9rimentale (Pierre Rayer, Claude Bernard). Une r\u00e9volution qui stipule que pour comprendre des ph\u00e9nom\u00e8nes dans les sciences biologiques comme dans les sciences physico-chimiques, il faut ramener les ph\u00e9nom\u00e8nes \u00e0 des conditions exp\u00e9rimentales d\u00e9finies et aussi simples que possible. La physiologie marine, avec la m\u00e9decine exp\u00e9rimentale, sont ainsi \u00e0 la base de la compr\u00e9hension de nombreux m\u00e9canismes de la reproduction notamment \u00e0 partir d\u2019exp\u00e9riences chez des mod\u00e8les animaux comme les \u00e9chinodermes. Chez l\u2019oursin, par exemple, l\u2019obtention d\u2019un tr\u00e8s grand nombre de gam\u00e8tes, la transparence des \u0153ufs, des embryons et des larves, la possibilit\u00e9 d&rsquo;effectuer des f\u00e9condations artificielles et le synchronisme rigoureux des \u00e9tapes du d\u00e9veloppement ont contribu\u00e9 \u00e0 l\u2019\u00e9lever au rang de syst\u00e8me mod\u00e8le.<br \/>\nJ\u2019avais par ailleurs fait la connaissance de Josquin Debaz, qui avait fait sa th\u00e8se avec Jean-Louis Fischer sur les p\u00e9riodiques des stations fran\u00e7aises de biologie marine entre 1872 et 1914&nbsp;<sup id=\"ap1\"><a href=\"#nt1\">1<\/a><\/sup>. J\u2019ai retrouv\u00e9 Josquin Debaz dans le cadre d\u2019un s\u00e9minaire \u00e0 l\u2019EHESS (\u00c9cole des Hautes Etudes en Sciences Sociales) sur le logiciel d\u2019analyse de donn\u00e9es textuelles&nbsp;: Prospero. Or Josquin Debaz, avec Francis Ch\u00e2teauraynaud qui dirige le GSPR (Groupe de Sociologie Pragmatique et R\u00e9flexive) et les chercheurs du groupe ont d\u00e9velopp\u00e9 une sociologie dont je me sens tr\u00e8s proche&nbsp;: une sociologie qui s\u2019enracine dans la th\u00e9orie de l\u2019acteur-r\u00e9seau, une sociologie pragmatique qui notamment analyse les controverses sociotechniques, les enjeux et les jeux d\u2019acteurs dans des situations de crise o\u00f9 se r\u00e9v\u00e8lent les arguments des uns et des autres.<br \/>\nJean-Louis Fischer m\u2019a transmis cette passion pour l\u2019histoire, et pour ces stations m\u00e9connues. Le laboratoire de Francis Ch\u00e2teauraynaud, avec Josquin Debaz, m\u2019a transmis leur passion pour la sociologie pragmatique.<br \/>\nJe connaissais, en tant que cin\u00e9aste, la station maritime de Roscoff, pour y avoir tourn\u00e9 un film sur les mod\u00e8les animaux, et j\u2019\u00e9tais familier des recherches marines lors de missions sur des navires tels que le <i>C\u00f4tes de la Manche<\/i> ou <i>L\u2019Atalante<\/i>. J\u2019\u00e9tais plusieurs fois all\u00e9 visiter le mus\u00e9e oc\u00e9anographique des Embiez, appartenant \u00e0 la station Paul Ricard, et ce faisant, j\u2019\u00e9tais souvent pass\u00e9 devant Tamaris, le laboratoire oc\u00e9anographique de La Seyne-sur-Mer\u2026 ferm\u00e9.<br \/>\nC\u2019est ainsi que, partageant nos travaux et passions avec mon coll\u00e8gue Fr\u00e9deric Tournier, d\u00e9couvrant nos exp\u00e9riences et notre int\u00e9r\u00eat commun pour les stations maritimes, nous avons d\u00e9cid\u00e9 de commencer un travail de recherche sur ces stations.<br \/>\nNous avons privil\u00e9gi\u00e9 trois stations, centr\u00e9es sur la M\u00e9diterran\u00e9e&nbsp;: Tamaris, dont nous ne comprenions pas la fermeture, Villefranche-Sur-Mer qui semble tr\u00e8s bien fonctionner et Endoume, \u00e0 Marseille dont nous avions eu l\u2019\u00e9cho de quelques difficult\u00e9s par le pass\u00e9.<br \/>\nPourquoi Tamaris est-elle ferm\u00e9e&nbsp;? Pourquoi Villefranche est-elle si r\u00e9put\u00e9e&nbsp;?\u2026 et qu\u2019en est-il d\u2019Endoume, pourquoi ne joue-t-elle pas dans le concert des trois stations qui concourent au Centre Europ\u00e9en des Ressources en Biologie Marine&nbsp;: Roscoff, Villefranche et Banyuls&nbsp;<sup id=\"ap2\"><a href=\"#nt2\">2<\/a><\/sup>&nbsp;?<br \/>\nC\u2019est sur cette simple question de d\u00e9part qu\u2019a commenc\u00e9 notre travail.<\/p>\n<p><em>Jean-Fran\u00e7ois Ternay<\/em><\/p>\n<h2>Notes<\/h2>\n<p id=\"nt1\"><small><a href=\"#ap1\">1<\/a> <i>Les stations fran\u00e7aises de biologie marine et leurs p\u00e9riodiques entre 1872 et 1914<\/i>. 2005. <a href=\"https:\/\/tel.archives-ouvertes.fr\/tel-00380587\">https:\/\/tel.archives-ouvertes.fr\/tel-00380587<\/a><\/small><\/p>\n<p id=\"nt2\"><small><a href=\"#ap2\">2<\/a> Le Centre National de Ressources Biologiques Marines, European Marine Biological Ressource Centre, EMBRC-France, <a href=\"https:\/\/www.embrc.eu\/\">https:\/\/www.embrc.eu\/<\/a><\/small><\/p>\n","protected":false},"excerpt":{"rendered":"<p>J\u2019ai d\u00e9couvert les stations maritimes avec l\u2019historien des sciences Jean-Louis Fischer qui a longtemps travaill\u00e9 sur leurs origines. J\u2019\u00e9tais, dans les ann\u00e9es 2000, r\u00e9alisateur de films au CNRS et Jean-Louis Fischer pensait, \u00e0 juste titre, qu\u2019il y avait mati\u00e8re \u00e0 faire un film sur l\u2019histoire des stations maritimes en France. Nous avions d\u00e9fendu ce projet [&hellip;]<\/p>\n","protected":false},"author":97,"featured_media":0,"parent":4,"menu_order":1,"comment_status":"closed","ping_status":"closed","template":"","meta":{"footnotes":""},"class_list":["post-66","page","type-page","status-publish","hentry"],"_links":{"self":[{"href":"https:\/\/sciences-medias.fr\/blogs\/stations-maritimes\/wp-json\/wp\/v2\/pages\/66","targetHints":{"allow":["GET"]}}],"collection":[{"href":"https:\/\/sciences-medias.fr\/blogs\/stations-maritimes\/wp-json\/wp\/v2\/pages"}],"about":[{"href":"https:\/\/sciences-medias.fr\/blogs\/stations-maritimes\/wp-json\/wp\/v2\/types\/page"}],"author":[{"embeddable":true,"href":"https:\/\/sciences-medias.fr\/blogs\/stations-maritimes\/wp-json\/wp\/v2\/users\/97"}],"replies":[{"embeddable":true,"href":"https:\/\/sciences-medias.fr\/blogs\/stations-maritimes\/wp-json\/wp\/v2\/comments?post=66"}],"version-history":[{"count":9,"href":"https:\/\/sciences-medias.fr\/blogs\/stations-maritimes\/wp-json\/wp\/v2\/pages\/66\/revisions"}],"predecessor-version":[{"id":289,"href":"https:\/\/sciences-medias.fr\/blogs\/stations-maritimes\/wp-json\/wp\/v2\/pages\/66\/revisions\/289"}],"up":[{"embeddable":true,"href":"https:\/\/sciences-medias.fr\/blogs\/stations-maritimes\/wp-json\/wp\/v2\/pages\/4"}],"wp:attachment":[{"href":"https:\/\/sciences-medias.fr\/blogs\/stations-maritimes\/wp-json\/wp\/v2\/media?parent=66"}],"curies":[{"name":"wp","href":"https:\/\/api.w.org\/{rel}","templated":true}]}}