{"id":52,"date":"2020-03-11T17:17:59","date_gmt":"2020-03-11T16:17:59","guid":{"rendered":"http:\/\/sciences-medias.fr\/blogs\/stations-maritimes\/?page_id=52"},"modified":"2020-03-17T22:27:30","modified_gmt":"2020-03-17T21:27:30","slug":"bibliographie","status":"publish","type":"page","link":"https:\/\/sciences-medias.fr\/blogs\/stations-maritimes\/les-stations-maritimes-en-france\/bibliographie\/","title":{"rendered":"Bibliographie"},"content":{"rendered":"<br \/>\n<h1>Monographies et publications<\/h1>\n<p>Fischer Jean-Louis, \u00ab&nbsp;Cr\u00e9ations et fonctions des stations maritimes fran\u00e7aises&nbsp;\u00bb, <i>La revue pour l\u2019histoire du CNRS<\/i> [En ligne], 7 | 2002, mis en ligne le 17 octobre 2006, consult\u00e9 le 26 septembre 2016. URL&nbsp;: <a href=\"http:\/\/histoire-cnrs.revues.org\/537\">http:\/\/histoire-cnrs.revues.org\/537<\/a>.<\/p>\n<p>Fischer Jean-Louis, \u00ab&nbsp;L\u2019aspect social et politique des relations \u00e9pistolaires entre quelques savants fran\u00e7ais et la Station zoologique de Naples de 1878 \u00e0 1912&nbsp;\u00bb, <i>Revue d\u2019Histoire des Sciences<\/i>, tome 33, n<sup>o<\/sup>3, 1980, p.&nbsp;225-251.<\/p>\n<p>Debaz Josquin, \u00ab&nbsp;Stations de biologie marine et observatoires astronomiques \u00e0 la fin du XIX<sup>e<\/sup> si\u00e8cle. Deux reflets d&rsquo;une m\u00eame politique scientifique&nbsp;?&nbsp;\u00bb, in Boistel Guy et Sauzereau Olivier (dir.), <i>Entre Ciel et Mer. Des observatoires pour l&rsquo;enseignement de l&rsquo;astronomie, des sciences maritimes et le service de l&rsquo;heure, en France et en Europe, de la fin du XVIII<sup>e<\/sup>au d\u00e9but du XX<sup>e<\/sup>si\u00e8cle&nbsp;: institutions, pratiques et cultures<\/i>, Cahiers Fran\u00e7ois Vi\u00e8te, Centre Fran\u00e7ois Vi\u00e8te, Universit\u00e9 de Nantes, 2016, <a href=\"https:\/\/halshs.archives-ouvertes.fr\/halshs-01345810\">https:\/\/halshs.archives-ouvertes.fr\/halshs-01345810<\/a>.<\/p>\n<h2>El\u00e9ments de bibliographie cit\u00e9s par Jean-Louis Fischer<\/h2>\n<p>Groeben C., \u00ab&nbsp;Le pr\u00e9curseur du plan&nbsp;: la contribution de Carl Vogt \u00e0 la fondation des stations maritimes&nbsp;\u00bb, in Vogt Carl, <i>Science, philosophie et politique (1817-1895)<\/i>, actes du colloque de mai 1995, \u00e9dit\u00e9s par Pont J.-C., Bui D., Dubosson F. et Lacki J., \u00e9ditions Georg, Ch\u00eane-Bourg (Suisse), 1998, p.&nbsp;287-313.<\/p>\n<p>Lacaze-Duthiers H., \u00ab&nbsp;Les laboratoires maritimes&nbsp;\u00bb, <i>Revue scientifique<\/i>, t.&nbsp;25, n<sup>o<\/sup>&nbsp;7, 18 ao\u00fbt 1888, p.&nbsp;198-212.<\/p>\n<p>Legendre R., \u00ab&nbsp;Le r\u00f4le des laboratoires maritimes&nbsp;\u00bb, <i>Revue scientifique<\/i>, n<sup>o<\/sup>&nbsp;24, t.&nbsp;70, 24 d\u00e9cembre 1932, p.&nbsp;750-753.<\/p>\n<p>de Quatrefages A., <i>Souvenirs d\u2019un naturaliste<\/i>, Paris, Librairie de Victor Masson, 1854.<\/p>\n<p>Lacaze-Duthiers H., \u00ab&nbsp;Le monde de la mer et ses laboratoires&nbsp;\u00bb, <i>Revue scientifique<\/i>, t.&nbsp;25, n<sup>o<\/sup>&nbsp;6, 11 ao\u00fbt 1888, p.&nbsp;162-173.<\/p>\n<p>Yung \u00c9., \u00ab&nbsp;Une excursion zoologique aux environs de Banyuls-sur-Mer&nbsp;\u00bb, <i>Revue scientifique<\/i>, t.&nbsp;47, n<sup>o<\/sup>&nbsp;22, 30 mai 1891, p.&nbsp;673-680.<\/p>\n<p>Picard J.-F., <i>La R\u00e9publique des savants, la recherche fran\u00e7aise et le CNRS<\/i>, pr\u00e9face de Antoine Prost, Paris, Flammarion, 1990.<\/p>\n<p><mark>INSU, \u00c9cole interne n<sup>o<\/sup>&nbsp;33 de l\u2019universit\u00e9 Pierre et Marie-Curie, UMR 6526 CNRS\/UPMC\/UNSA\/IRD.<\/mark><\/p>\n<p>Pavillon Jean-Fran\u00e7ois, <i>Annuaire des chercheurs en sciences de l\u2019eau (limnologues et oc\u00e9anographes)<\/i>, ouvrage r\u00e9alis\u00e9 gr\u00e2ce au soutien du minist\u00e8re de la Recherche, du CNRS-INSU, de l\u2019Ifremer et la collaboration de l\u2019Association de l\u2019union des oc\u00e9anographes de France, Paris, \u00c9dition de l\u2019Union des oc\u00e9anographes de France, 1998.<\/p>\n<p>Gros F., \u00ab&nbsp;Les disciplines marines&nbsp;: situation des stations marines&nbsp;\u00bb, rapport de l\u2019Acad\u00e9mie des sciences, <i>La vie des sciences, Comptes rendus<\/i>, s\u00e9rie g\u00e9n\u00e9rale, t.&nbsp;11 n<sup>o<\/sup>&nbsp;1, 1994, p.&nbsp;51.<\/p>\n<h2>El\u00e9ments de bibliographie cit\u00e9s par Josquin Debaz<\/h2>\n<p>Romano David, <i>Histoire d\u2019une station marine \u00e0 Marseille&nbsp;: origine, naissance, d\u00e9veloppement (1869-1983)<\/i>, m\u00e9moire de ma\u00eetrise d\u2019histoire sous la direction de G\u00e9rard Chastagneret, Universit\u00e9 Aix-Marseille 1, 1996.<\/p>\n<p>Eigen Edward A., <i>Between stations and habitations: The Architecture of French Science at the Shore, 1830-1900<\/i>, Ph.D. sous la direction de Stanford Anderson, MIT, 2000.<\/p>\n<p>Fantini Bernardino, \u00ab&nbsp;The History of the Stazione Zoologica Anton Dohrn. An outline&nbsp;\u00bb, <i>Stazione Zoologica Anton Dohrn. Activity Report 1998-1999<\/i>, Napoli, Stazione Zoologica Anton Dohrn, 2000.<\/p>\n<p>Kofoid Charles Atwood, <i>The biological stations of Europe<\/i>, Washington Government Printing Office, U.S. Bureau of Education Bulletin, n<sup>o<\/sup>&nbsp;4&nbsp;(440), 1910.<\/p>\n<p>Pestre Dominique, <i>Science, Argent et Politique<\/i>, Paris, INRA \u00c9ditions, 2003.<\/p>\n<p>Van-Pra\u00ebt Michel, \u00ab&nbsp;La section Zoologie, t\u00e9moin des restructurations de la recherche et des relations Paris-province&nbsp;\u00bb, Gispert H. (dir.), <i>L\u2019Association fran\u00e7aise pour l\u2019avancement des sciences (1872-1974)&nbsp;: un projet politique pour une soci\u00e9t\u00e9 savante<\/i>, Rennes, Presses Universitaires de Rennes, 2002.<\/p>\n","protected":false},"excerpt":{"rendered":"<p>Monographies et publications Fischer Jean-Louis, \u00ab&nbsp;Cr\u00e9ations et fonctions des stations maritimes fran\u00e7aises&nbsp;\u00bb, La revue pour l\u2019histoire du CNRS [En ligne], 7 | 2002, mis en ligne le 17 octobre 2006, consult\u00e9 le 26 septembre 2016. URL&nbsp;: http:\/\/histoire-cnrs.revues.org\/537. Fischer Jean-Louis, \u00ab&nbsp;L\u2019aspect social et politique des relations \u00e9pistolaires entre quelques savants fran\u00e7ais et la Station zoologique de [&hellip;]<\/p>\n","protected":false},"author":97,"featured_media":0,"parent":4,"menu_order":3,"comment_status":"closed","ping_status":"closed","template":"","meta":{"footnotes":""},"class_list":["post-52","page","type-page","status-publish","hentry"],"_links":{"self":[{"href":"https:\/\/sciences-medias.fr\/blogs\/stations-maritimes\/wp-json\/wp\/v2\/pages\/52","targetHints":{"allow":["GET"]}}],"collection":[{"href":"https:\/\/sciences-medias.fr\/blogs\/stations-maritimes\/wp-json\/wp\/v2\/pages"}],"about":[{"href":"https:\/\/sciences-medias.fr\/blogs\/stations-maritimes\/wp-json\/wp\/v2\/types\/page"}],"author":[{"embeddable":true,"href":"https:\/\/sciences-medias.fr\/blogs\/stations-maritimes\/wp-json\/wp\/v2\/users\/97"}],"replies":[{"embeddable":true,"href":"https:\/\/sciences-medias.fr\/blogs\/stations-maritimes\/wp-json\/wp\/v2\/comments?post=52"}],"version-history":[{"count":5,"href":"https:\/\/sciences-medias.fr\/blogs\/stations-maritimes\/wp-json\/wp\/v2\/pages\/52\/revisions"}],"predecessor-version":[{"id":239,"href":"https:\/\/sciences-medias.fr\/blogs\/stations-maritimes\/wp-json\/wp\/v2\/pages\/52\/revisions\/239"}],"up":[{"embeddable":true,"href":"https:\/\/sciences-medias.fr\/blogs\/stations-maritimes\/wp-json\/wp\/v2\/pages\/4"}],"wp:attachment":[{"href":"https:\/\/sciences-medias.fr\/blogs\/stations-maritimes\/wp-json\/wp\/v2\/media?parent=52"}],"curies":[{"name":"wp","href":"https:\/\/api.w.org\/{rel}","templated":true}]}}